{"id":9145,"date":"2024-10-30T11:12:07","date_gmt":"2024-10-30T17:12:07","guid":{"rendered":"https:\/\/utcorregidora.edu.mx\/resp-utc-2025\/?page_id=9145"},"modified":"2025-02-11T08:55:16","modified_gmt":"2025-02-11T14:55:16","slug":"licenciatura-en-gestion-y-desarrollo-turistico","status":"publish","type":"page","link":"https:\/\/utcorregidora.edu.mx\/resp-utc-2025\/licenciatura-en-gestion-y-desarrollo-turistico\/","title":{"rendered":"LICENCIATURA EN GESTI\u00d3N Y DESARROLLO TUR\u00cdSTICO"},"content":{"rendered":"<p>[vc_row][vc_column][vc_row_inner][vc_column_inner][vc_single_image image=&#8221;6283&#8243; img_size=&#8221;full&#8221;][\/vc_column_inner][\/vc_row_inner][\/vc_column][\/vc_row][vc_row tm_bgimagefixed=&#8221;&#8221;][vc_column][vc_tta_tabs active_section=&#8221;1&#8243; css=&#8221;.vc_custom_1566196631627{padding-top: 20px !important;}&#8221; el_class=&#8221;tm-fluid-menu&#8221;][vc_tta_section i_icon_tm_acadevo=&#8221;kw_acadevo flaticon-creative&#8221; add_icon=&#8221;true&#8221; title=&#8221;ACERCA DE LA CARRERA&#8221; tab_id=&#8221;1499504802275-aeab2227-56e2&#8243;][vc_row_inner css=&#8221;.vc_custom_1477659882299{padding-top: 25px !important;}&#8221;][vc_column_inner width=&#8221;1\/3&#8243;][vc_single_image image=&#8221;4554&#8243; img_size=&#8221;full&#8221;][\/vc_column_inner][vc_column_inner width=&#8221;2\/3&#8243;][vc_column_text css=&#8221;.vc_custom_1730308760044{padding-top: 15px !important;}&#8221;]<\/p>\n<h2 class=\"title\">LICENCIATURA EN<b>\u00a0<span style=\"color: #339966;\">GESTI\u00d3N Y DESARROLLO TUR\u00cdSTICO<\/span><\/b><\/h2>\n<p>&nbsp;<\/p>\n<p style=\"font-weight: 400;\">Formamos profesionales innovadores en turismo sustentable, preparados para impulsar la actividad tur\u00edstica sustentable mediante la creaci\u00f3n e implementaci\u00f3n de planes de negocio y el desarrollo de productos y servicios tur\u00edsticos \u00fanicos. Nuestro enfoque combina la gesti\u00f3n de calidad, administraci\u00f3n de organizaciones, cumplimiento del marco legal vigente y el uso de tecnolog\u00edas de vanguardia en la gesti\u00f3n y distribuci\u00f3n del turismo. Contribuye al crecimiento y diversificaci\u00f3n de una oferta tur\u00edstica m\u00e1s competitiva, mientras promueves un impacto positivo y responsable en el sector.<\/p>\n<p>[\/vc_column_text][\/vc_column_inner][\/vc_row_inner][\/vc_tta_section][vc_tta_section i_icon_tm_acadevo=&#8221;kw_acadevo flaticon-meeting&#8221; add_icon=&#8221;true&#8221; title=&#8221;CAMPO LABORAL&#8221; tab_id=&#8221;1565938621660-b1319b13-2454&#8243;][vc_row_inner css=&#8221;.vc_custom_1477659882299{padding-top: 25px !important;}&#8221;][vc_column_inner width=&#8221;1\/3&#8243;][vc_single_image image=&#8221;4554&#8243; img_size=&#8221;full&#8221;][\/vc_column_inner][vc_column_inner width=&#8221;2\/3&#8243;][vc_column_text css=&#8221;.vc_custom_1730308787067{padding-top: 15px !important;}&#8221;]<\/p>\n<p style=\"font-weight: 400;\">Las y los Licenciados egresado en Gesti\u00f3n y Desarrollo Tur\u00edstico podr\u00e1n desenvolverse en:<\/p>\n<ul style=\"font-weight: 400;\">\n<li>Establecimientos de hospedaje (Hoteles, Moteles, Resorts, Hostales, Posadas, Bed and Breakfast (B&amp;B), Hoteles boutique).<\/li>\n<li>Establecimientos de alimentos y bebidas (Bares, Restaurantes, Centros nocturnos).<\/li>\n<li>Empresas de servicios de viaje (Operadoras, de incentivos, Online, Agencias mayoristas y minoristas, Destination Management Company).<\/li>\n<li>Empresas de animaci\u00f3n.<\/li>\n<li>Empresas especializadas en el desarrollo de actividades de turismo de naturaleza.<\/li>\n<li>Empresas de educaci\u00f3n ambiental.<\/li>\n<li>Centros de convenciones y recintos feriales.<\/li>\n<li>Sitios arqueol\u00f3gicos y museos.<\/li>\n<li>Secretar\u00eda de Turismo Federal y Estatal.<\/li>\n<li>Empresas de consultor\u00eda de servicios tur\u00edsticos.<\/li>\n<li>Emprendimiento de empresas tur\u00edsticas.<\/li>\n<\/ul>\n<p>&nbsp;<\/p>\n<p style=\"font-weight: 400;\"><strong>Podr\u00e1 desempe\u00f1arse en los siguientes roles profesionales:<\/strong><\/p>\n<ul style=\"font-weight: 400;\">\n<li>Gerente de establecimientos de hospedaje.<\/li>\n<li>Gerente de establecimientos de alimentos y bebidas.<\/li>\n<li>Gerente de empresas de servicios de viaje.<\/li>\n<li>Gerente de Animaci\u00f3n y Recreaci\u00f3n.<\/li>\n<li>Administrador de empresas especializadas en el desarrollo de actividades de turismo de naturaleza y cultural.<\/li>\n<li>Coordinador de \u00e1rea en empresas de educaci\u00f3n ambiental.<\/li>\n<li>Gerente de Centros de convenciones y recintos feriales.<\/li>\n<li>Coordinador general de empresas especializadas en organizaci\u00f3n de eventos.<\/li>\n<li>Supervisor operativo en sitios arqueol\u00f3gicos y museos.<\/li>\n<li>Director de \u00e1rea en Secretar\u00edas de Turismo Federales, Estatales y Municipales.<\/li>\n<li>Administrador de negocio tur\u00edstico propio.<\/li>\n<\/ul>\n<p>[\/vc_column_text][\/vc_column_inner][\/vc_row_inner][\/vc_tta_section][vc_tta_section i_icon_tm_acadevo=&#8221;kw_acadevo flaticon-books-stack-of-three&#8221; add_icon=&#8221;true&#8221; title=&#8221;MAPA CUATRIMESTRAL&#8221; tab_id=&#8221;1730220885602-a7b5c073-c7f1&#8243;][vc_row_inner css=&#8221;.vc_custom_1477659882299{padding-top: 25px !important;}&#8221;][vc_column_inner][vc_column_text]<\/p>\n<h2 style=\"text-align: center;\">TSU<\/h2>\n<p>[\/vc_column_text][vc_separator border_width=&#8221;3&#8243;][\/vc_column_inner][\/vc_row_inner][vc_row_inner css=&#8221;.vc_custom_1477659882299{padding-top: 25px !important;}&#8221;][vc_column_inner width=&#8221;1\/2&#8243;][vc_column_text]<\/p>\n<div id=\"primero\" class=\"tab-pane active\">\n<p style=\"font-weight: 400;\"><strong>Primer cuatrimestre<\/strong><\/p>\n<ul>\n<li style=\"font-weight: 400;\">Ingl\u00e9s I<\/li>\n<li style=\"font-weight: 400;\">Desarrollo humano y valores<\/li>\n<li style=\"font-weight: 400;\">Matem\u00e1ticas aplicadas en el turismo<\/li>\n<li style=\"font-weight: 400;\">Fundamentos en econom\u00eda<\/li>\n<li style=\"font-weight: 400;\">Introducci\u00f3n al turismo<\/li>\n<li style=\"font-weight: 400;\">Geograf\u00eda y patrimonio<\/li>\n<li style=\"font-weight: 400;\">Comunicaci\u00f3n y habilidades digitales<\/li>\n<\/ul>\n<p>&nbsp;<\/p>\n<p style=\"font-weight: 400;\"><strong>Segundo cuatrimestre<\/strong><\/p>\n<ul>\n<li style=\"font-weight: 400;\">Ingl\u00e9s II<\/li>\n<li style=\"font-weight: 400;\">Habilidades socioemocionales y manejo de conflictos<\/li>\n<li style=\"font-weight: 400;\">Probabilidad y estad\u00edstica<\/li>\n<li style=\"font-weight: 400;\">Administraci\u00f3n<\/li>\n<li style=\"font-weight: 400;\">Servicios de viaje y transportaci\u00f3n<\/li>\n<li style=\"font-weight: 400;\">Sustentabilidad en el turismo<\/li>\n<li style=\"font-weight: 400;\">Servicios de alimentos y bebidas<\/li>\n<\/ul>\n<p>&nbsp;<\/p>\n<p style=\"font-weight: 400;\"><strong>Tercer cuatrimestre<\/strong><\/p>\n<ul>\n<li style=\"font-weight: 400;\">Ingl\u00e9s III<\/li>\n<li style=\"font-weight: 400;\">Desarrollo de pensamiento y toma de decisiones<\/li>\n<li style=\"font-weight: 400;\">Contabilidad aplicada al Turismo<\/li>\n<li style=\"font-weight: 400;\">Gesti\u00f3n de la calidad<\/li>\n<li style=\"font-weight: 400;\">Hospitalidad y alojamiento<\/li>\n<li style=\"font-weight: 400;\">Capital Humano<\/li>\n<li style=\"font-weight: 400;\">Proyecto integrador I<\/li>\n<\/ul>\n<\/div>\n<p>[\/vc_column_text][\/vc_column_inner][vc_column_inner width=&#8221;1\/2&#8243;][vc_column_text]<\/p>\n<p style=\"font-weight: 400;\"><strong>Cuarto cuatrimestre<\/strong><\/p>\n<ul>\n<li style=\"font-weight: 400;\">Ingl\u00e9s IV<\/li>\n<li style=\"font-weight: 400;\">\u00c9tica profesional<\/li>\n<li style=\"font-weight: 400;\">Diagn\u00f3stico tur\u00edstico<\/li>\n<li style=\"font-weight: 400;\">Mercadotecnia y comercializaci\u00f3n<\/li>\n<li style=\"font-weight: 400;\">Operaci\u00f3n de servicios de hospedaje<\/li>\n<li style=\"font-weight: 400;\">Turismo cultural y de naturaleza<\/li>\n<li style=\"font-weight: 400;\">Operaci\u00f3n de servicios de A&amp;B<\/li>\n<li style=\"font-weight: 400;\"><\/li>\n<li style=\"font-weight: 400;\"><strong>Quinto cuatrimestre<\/strong><\/li>\n<li style=\"font-weight: 400;\">Ingl\u00e9s V<\/li>\n<li style=\"font-weight: 400;\">Liderazgo de equipos de alto desempe\u00f1o<\/li>\n<li style=\"font-weight: 400;\">Dise\u00f1o de experiencias tur\u00edsticas<\/li>\n<li style=\"font-weight: 400;\">Plan de negocios<\/li>\n<li style=\"font-weight: 400;\">Animaci\u00f3n tur\u00edstica y sociocultural<\/li>\n<li style=\"font-weight: 400;\">Capacitaci\u00f3n de capital humano<\/li>\n<li style=\"font-weight: 400;\">Proyecto integrador II<\/li>\n<\/ul>\n<p>&nbsp;<\/p>\n<p style=\"font-weight: 400;\"><strong>Sexto cuatrimestre<\/strong><\/p>\n<ul>\n<li style=\"font-weight: 400;\">Estad\u00eda T\u00e9cnico Superior Universitario en Turismo<\/li>\n<\/ul>\n<p>[\/vc_column_text][\/vc_column_inner][\/vc_row_inner][vc_row_inner css=&#8221;.vc_custom_1477659882299{padding-top: 25px !important;}&#8221;][vc_column_inner][vc_column_text]<\/p>\n<h2 style=\"text-align: center;\">INGENIER\u00cdA<\/h2>\n<p>[\/vc_column_text][vc_separator border_width=&#8221;3&#8243;][\/vc_column_inner][\/vc_row_inner][vc_row_inner css=&#8221;.vc_custom_1477659882299{padding-top: 25px !important;}&#8221;][vc_column_inner width=&#8221;1\/2&#8243;][vc_column_text]<\/p>\n<div id=\"primero\" class=\"tab-pane active\">\n<p style=\"font-weight: 400;\"><strong>S\u00e9ptimo cuatrimestre<\/strong><\/p>\n<ul>\n<li style=\"font-weight: 400;\">Ingl\u00e9s VI<\/li>\n<li style=\"font-weight: 400;\">Habilidades gerenciales<\/li>\n<li style=\"font-weight: 400;\">An\u00e1lisis e interpretaci\u00f3n de informaci\u00f3n para el sector tur\u00edstico<\/li>\n<li style=\"font-weight: 400;\">Econom\u00eda para el turismo<\/li>\n<li style=\"font-weight: 400;\">Desarrollo regional<\/li>\n<li style=\"font-weight: 400;\">Instrumentos para el desarrollo sustentable<\/li>\n<li style=\"font-weight: 400;\">Gesti\u00f3n y planificaci\u00f3n tur\u00edstica<\/li>\n<\/ul>\n<p>&nbsp;<\/p>\n<p style=\"font-weight: 400;\"><strong>Octavo cuatrimestre<\/strong><\/p>\n<ul>\n<li style=\"font-weight: 400;\">Ingl\u00e9s VII<\/li>\n<li style=\"font-weight: 400;\">Finanzas para el turismo<\/li>\n<li style=\"font-weight: 400;\">Calidad y responsabilidad social<\/li>\n<li style=\"font-weight: 400;\">Desarrollo de proyectos emprendedores para el turismo I<\/li>\n<li style=\"font-weight: 400;\">Mercadotecnia digital<\/li>\n<li style=\"font-weight: 400;\">Consultor\u00eda tur\u00edstica I<\/li>\n<li style=\"font-weight: 400;\">Tendencias del turismo<\/li>\n<\/ul>\n<\/div>\n<p>[\/vc_column_text][\/vc_column_inner][vc_column_inner width=&#8221;1\/2&#8243;][vc_column_text]<\/p>\n<div id=\"cuarto\" class=\"tab-pane active\">\n<p style=\"font-weight: 400;\"><strong>Noveno cuatrimestre<\/strong><\/p>\n<ul>\n<li style=\"font-weight: 400;\">Ingl\u00e9s VIII<\/li>\n<li style=\"font-weight: 400;\">Seminario de investigaci\u00f3n aplicada al turismo<\/li>\n<li style=\"font-weight: 400;\">Destinos tur\u00edsticos inteligentes<\/li>\n<li style=\"font-weight: 400;\">Desarrollo de proyectos emprendedores para el turismo II<\/li>\n<li style=\"font-weight: 400;\">Direcci\u00f3n y log\u00edstica de eventos<\/li>\n<li style=\"font-weight: 400;\">Consultor\u00eda tur\u00edstica II<\/li>\n<li style=\"font-weight: 400;\">Proyecto integrador<\/li>\n<\/ul>\n<p>&nbsp;<\/p>\n<p style=\"font-weight: 400;\"><strong>D\u00e9cimo cuatrimestre<\/strong><\/p>\n<ul>\n<li style=\"font-weight: 400;\">Estad\u00eda Licenciatura en Gesti\u00f3n y Desarrollo Tur\u00edstico<\/li>\n<\/ul>\n<\/div>\n<p>[\/vc_column_text][\/vc_column_inner][\/vc_row_inner][\/vc_tta_section][vc_tta_section i_icon_tm_acadevo=&#8221;kw_acadevo flaticon-college&#8221; add_icon=&#8221;true&#8221; title=&#8221;CONTACTO DE CARRERA&#8221; tab_id=&#8221;1565938619341-66de9270-3da3&#8243;][vc_row_inner css=&#8221;.vc_custom_1477659882299{padding-top: 25px !important;}&#8221;][vc_column_inner width=&#8221;1\/3&#8243;][vc_single_image image=&#8221;4515&#8243; img_size=&#8221;full&#8221;][\/vc_column_inner][vc_column_inner width=&#8221;2\/3&#8243;][vc_column_text css=&#8221;.vc_custom_1730309081645{padding-top: 15px !important;}&#8221;]<span style=\"color: #1cb127;\"><strong>Contacto:<\/strong><\/span><\/p>\n<p><b>Mtro. Roberto Ayala Maga\u00f1a<\/b><strong>\u00a0<\/strong><br \/>\n<a href=\"mailto:roberto.ayala@utcorregidora.edu.mx\">roberto.ayala@utcorregidora.edu.mx<\/a>[\/vc_column_text][\/vc_column_inner][\/vc_row_inner][\/vc_tta_section][\/vc_tta_tabs][\/vc_column][\/vc_row]<\/p>\n","protected":false},"excerpt":{"rendered":"<p>[vc_row][vc_column][vc_row_inner][vc_column_inner][vc_single_image image=&#8221;6283&#8243; img_size=&#8221;full&#8221;][\/vc_column_inner][\/vc_row_inner][\/vc_column][\/vc_row][vc_row tm_bgimagefixed=&#8221;&#8221;][vc_column][vc_tta_tabs active_section=&#8221;1&#8243; css=&#8221;.vc_custom_1566196631627{padding-top: 20px !important;}&#8221; el_class=&#8221;tm-fluid-menu&#8221;][vc_tta_section i_icon_tm_acadevo=&#8221;kw_acadevo flaticon-creative&#8221; add_icon=&#8221;true&#8221; title=&#8221;ACERCA DE LA CARRERA&#8221; tab_id=&#8221;1499504802275-aeab2227-56e2&#8243;][vc_row_inner css=&#8221;.vc_custom_1477659882299{padding-top: 25px !important;}&#8221;][vc_column_inner width=&#8221;1\/3&#8243;][vc_single_image image=&#8221;4554&#8243; img_size=&#8221;full&#8221;][\/vc_column_inner][vc_column_inner width=&#8221;2\/3&#8243;][vc_column_text css=&#8221;.vc_custom_1730308760044{padding-top: 15px !important;}&#8221;] LICENCIATURA EN\u00a0GESTI\u00d3N Y DESARROLLO TUR\u00cdSTICO &nbsp; Formamos profesionales innovadores en turismo sustentable, preparados para impulsar la actividad tur\u00edstica sustentable mediante la creaci\u00f3n e implementaci\u00f3n de planes de negocio &hellip; <a href=\"https:\/\/utcorregidora.edu.mx\/resp-utc-2025\/licenciatura-en-gestion-y-desarrollo-turistico\/\" class=\"more-link\">Continue reading <span class=\"screen-reader-text\">LICENCIATURA EN GESTI\u00d3N Y DESARROLLO TUR\u00cdSTICO<\/span><\/a><\/p>\n","protected":false},"author":1,"featured_media":0,"parent":0,"menu_order":51,"comment_status":"closed","ping_status":"closed","template":"","meta":{"footnotes":""},"class_list":["post-9145","page","type-page","status-publish","hentry"],"_links":{"self":[{"href":"https:\/\/utcorregidora.edu.mx\/resp-utc-2025\/wp-json\/wp\/v2\/pages\/9145","targetHints":{"allow":["GET"]}}],"collection":[{"href":"https:\/\/utcorregidora.edu.mx\/resp-utc-2025\/wp-json\/wp\/v2\/pages"}],"about":[{"href":"https:\/\/utcorregidora.edu.mx\/resp-utc-2025\/wp-json\/wp\/v2\/types\/page"}],"author":[{"embeddable":true,"href":"https:\/\/utcorregidora.edu.mx\/resp-utc-2025\/wp-json\/wp\/v2\/users\/1"}],"replies":[{"embeddable":true,"href":"https:\/\/utcorregidora.edu.mx\/resp-utc-2025\/wp-json\/wp\/v2\/comments?post=9145"}],"version-history":[{"count":6,"href":"https:\/\/utcorregidora.edu.mx\/resp-utc-2025\/wp-json\/wp\/v2\/pages\/9145\/revisions"}],"predecessor-version":[{"id":9776,"href":"https:\/\/utcorregidora.edu.mx\/resp-utc-2025\/wp-json\/wp\/v2\/pages\/9145\/revisions\/9776"}],"wp:attachment":[{"href":"https:\/\/utcorregidora.edu.mx\/resp-utc-2025\/wp-json\/wp\/v2\/media?parent=9145"}],"curies":[{"name":"wp","href":"https:\/\/api.w.org\/{rel}","templated":true}]}}