{"id":9139,"date":"2024-10-30T11:02:29","date_gmt":"2024-10-30T17:02:29","guid":{"rendered":"https:\/\/utcorregidora.edu.mx\/resp-utc-2025\/?page_id=9139"},"modified":"2025-02-11T08:52:43","modified_gmt":"2025-02-11T14:52:43","slug":"ingenieria-en-mantenimiento-industrial","status":"publish","type":"page","link":"https:\/\/utcorregidora.edu.mx\/resp-utc-2025\/ingenieria-en-mantenimiento-industrial\/","title":{"rendered":"INGENIER\u00cdA EN MANTENIMIENTO INDUSTRIAL"},"content":{"rendered":"<p>[vc_row][vc_column][vc_row_inner][vc_column_inner][vc_single_image image=&#8221;4668&#8243; img_size=&#8221;full&#8221;][\/vc_column_inner][\/vc_row_inner][\/vc_column][\/vc_row][vc_row tm_bgimagefixed=&#8221;&#8221;][vc_column][vc_tta_tabs active_section=&#8221;1&#8243; css=&#8221;.vc_custom_1566196631627{padding-top: 20px !important;}&#8221; el_class=&#8221;tm-fluid-menu&#8221;][vc_tta_section i_icon_tm_acadevo=&#8221;kw_acadevo flaticon-creative&#8221; add_icon=&#8221;true&#8221; title=&#8221;ACERCA DE LA CARRERA&#8221; tab_id=&#8221;1499504802275-aeab2227-56e2&#8243;][vc_row_inner css=&#8221;.vc_custom_1477659882299{padding-top: 25px !important;}&#8221;][vc_column_inner width=&#8221;1\/3&#8243;][vc_single_image image=&#8221;4514&#8243; img_size=&#8221;full&#8221;][\/vc_column_inner][vc_column_inner width=&#8221;2\/3&#8243;][vc_column_text css=&#8221;.vc_custom_1730307845055{padding-top: 15px !important;}&#8221;]<\/p>\n<h2 class=\"title\">INGENIER\u00cdA EN <b><\/b><b><\/b><span style=\"color: #339966;\"><b>MANTENIMIENTO INDUSTRIAL<\/b><\/span><\/h2>\n<p>&nbsp;<\/p>\n<p style=\"font-weight: 400;\">Nuestra misi\u00f3n es ofrecer una educaci\u00f3n de excelencia en Ingenier\u00eda en Mantenimiento Industrial, formando profesionales con competencias integrales tanto t\u00e9cnicas como humanas. Desarrollamos l\u00edderes con habilidades de comunicaci\u00f3n y trabajo en equipo, capaces de dise\u00f1ar estrategias para optimizar las actividades de mantenimiento y mejorar las condiciones operativas de los equipos. Adem\u00e1s, nuestros egresados est\u00e1n preparados para validar estudios de ingenier\u00eda y gestionar proyectos t\u00e9cnico-econ\u00f3micos, tecnol\u00f3gicos o sociales, siempre con un fuerte compromiso hacia la responsabilidad social y su crecimiento profesional.<\/p>\n<p style=\"font-weight: 400;\">Nuestros graduados estar\u00e1n preparados para responder a las nuevas competencias que la Industria 4.0 requiere, adapt\u00e1ndose a los avances tecnol\u00f3gicos y cambios del mercado. Nos comprometemos a impulsar su inserci\u00f3n laboral, promover la sustentabilidad y fomentar la responsabilidad social.<\/p>\n<p>[\/vc_column_text][\/vc_column_inner][\/vc_row_inner][\/vc_tta_section][vc_tta_section i_icon_tm_acadevo=&#8221;kw_acadevo flaticon-meeting&#8221; add_icon=&#8221;true&#8221; title=&#8221;CAMPO LABORAL&#8221; tab_id=&#8221;1565938621660-b1319b13-2454&#8243;][vc_row_inner css=&#8221;.vc_custom_1477659882299{padding-top: 25px !important;}&#8221;][vc_column_inner width=&#8221;1\/3&#8243;][vc_single_image image=&#8221;4514&#8243; img_size=&#8221;full&#8221;][\/vc_column_inner][vc_column_inner width=&#8221;2\/3&#8243;][vc_column_text css=&#8221;.vc_custom_1730307899791{padding-top: 15px !important;}&#8221;]<\/p>\n<p style=\"font-weight: 400;\">Las y los egresados de la Ingenier\u00eda en Mantenimiento Industrial podr\u00e1n desenvolverse en empresas p\u00fablicas y privadas de los sectores primario, secundario y terciario tales como:<\/p>\n<ul>\n<li>Empresas de servicio como hoteles, hospitales, centros comerciales, instalaciones recreativas y deportivas; infraestructura gubernamental y mantenimiento residencial.<\/li>\n<li>Empresas dedicadas a la Miner\u00eda, Pesca y Agricultura.<\/li>\n<li>Empresas metalmec\u00e1nicas, alimenticias, del pl\u00e1stico, qu\u00edmicas, del vestir, aeron\u00e1uticas, automotrices, de electrodom\u00e9sticos, farmac\u00e9uticas, entre otras.<\/li>\n<li>Empresas de servicio, como hoteles, hospitales, entre otros.<\/li>\n<li>Su propia empresa de mantenimiento industrial.<\/li>\n<\/ul>\n<p style=\"font-weight: 400;\"><strong>Podr\u00e1 desempe\u00f1arse en\u00a0 los siguientes roles profesionales:<\/strong><\/p>\n<ul>\n<li>Gerente de planta.<\/li>\n<li>Gerencia de Mantenimiento.<\/li>\n<li>Ingeniero de Mantenimiento.<\/li>\n<li>Jefe de Mantenimiento.<\/li>\n<li>Supervisor o encargado de Mantenimiento.<\/li>\n<li>L\u00edder de Mantenimiento.<\/li>\n<li>Administrador de Mantenimiento<\/li>\n<li>T\u00e9cnico en Mantenimiento<\/li>\n<\/ul>\n<p>[\/vc_column_text][\/vc_column_inner][\/vc_row_inner][\/vc_tta_section][vc_tta_section i_icon_tm_acadevo=&#8221;kw_acadevo flaticon-books-stack-of-three&#8221; add_icon=&#8221;true&#8221; title=&#8221;MAPA CUATRIMESTRAL&#8221; tab_id=&#8221;1730220885602-a7b5c073-c7f1&#8243;][vc_row_inner css=&#8221;.vc_custom_1477659882299{padding-top: 25px !important;}&#8221;][vc_column_inner][vc_column_text]<\/p>\n<h2 style=\"text-align: center;\">TSU<\/h2>\n<p>[\/vc_column_text][vc_separator border_width=&#8221;3&#8243;][\/vc_column_inner][\/vc_row_inner][vc_row_inner css=&#8221;.vc_custom_1477659882299{padding-top: 25px !important;}&#8221;][vc_column_inner width=&#8221;1\/2&#8243;][vc_column_text]<\/p>\n<div id=\"primero\" class=\"tab-pane active\">\n<p style=\"font-weight: 400;\"><strong>Primer cuatrimestre<\/strong><\/p>\n<ul>\n<li style=\"font-weight: 400;\">Ingl\u00e9s I<\/li>\n<li style=\"font-weight: 400;\">Desarrollo humano y valores<\/li>\n<li style=\"font-weight: 400;\">Fundamentos matem\u00e1ticos<\/li>\n<li style=\"font-weight: 400;\">Fundamentos de mantenimiento<\/li>\n<li style=\"font-weight: 400;\">Dibujo industrial<\/li>\n<li style=\"font-weight: 400;\">Seguridad industrial<\/li>\n<li style=\"font-weight: 400;\">Comunicaci\u00f3n y habilidades digitales<\/li>\n<\/ul>\n<p>&nbsp;<\/p>\n<p style=\"font-weight: 400;\"><strong>Segundo cuatrimestre<\/strong><\/p>\n<ul>\n<li style=\"font-weight: 400;\">Ingl\u00e9s II<\/li>\n<li style=\"font-weight: 400;\">Habilidades socioemocionales y manejo de conflictos<\/li>\n<li style=\"font-weight: 400;\">C\u00e1lculo diferencial<\/li>\n<li style=\"font-weight: 400;\">F\u00edsica<\/li>\n<li style=\"font-weight: 400;\">Probabilidad y estad\u00edstica<\/li>\n<li style=\"font-weight: 400;\">Gesti\u00f3n del mantenimiento<\/li>\n<li style=\"font-weight: 400;\">Termodin\u00e1mica<\/li>\n<\/ul>\n<p>&nbsp;<\/p>\n<p style=\"font-weight: 400;\"><strong>Tercer cuatrimestre<\/strong><\/p>\n<ul>\n<li style=\"font-weight: 400;\">Ingl\u00e9s III<\/li>\n<li style=\"font-weight: 400;\">Desarrollo del pensamiento y toma de decisiones<\/li>\n<li style=\"font-weight: 400;\">C\u00e1lculo integral<\/li>\n<li style=\"font-weight: 400;\">Sistemas el\u00e9ctricos<\/li>\n<li style=\"font-weight: 400;\">M\u00e1quinas y mecanismos<\/li>\n<li style=\"font-weight: 400;\">Electr\u00f3nica anal\u00f3gica<\/li>\n<li style=\"font-weight: 400;\">Proyecto integrador I<\/li>\n<\/ul>\n<\/div>\n<p>[\/vc_column_text][\/vc_column_inner][vc_column_inner width=&#8221;1\/2&#8243;][vc_column_text]<\/p>\n<p style=\"font-weight: 400;\"><strong>Cuarto cuatrimestre<\/strong><\/p>\n<ul>\n<li style=\"font-weight: 400;\">Ingl\u00e9s IV<\/li>\n<li style=\"font-weight: 400;\">\u00c9tica profesional<\/li>\n<li style=\"font-weight: 400;\">C\u00e1lculo de varias variables<\/li>\n<li style=\"font-weight: 400;\">Mantenimiento a sistemas el\u00e9ctricos<\/li>\n<li style=\"font-weight: 400;\">Aire acondicionado y refrigeraci\u00f3n<\/li>\n<li style=\"font-weight: 400;\">Electr\u00f3nica digital<\/li>\n<li style=\"font-weight: 400;\">Sistemas neum\u00e1ticos e hidr\u00e1ulicos<\/li>\n<\/ul>\n<p>&nbsp;<\/p>\n<p style=\"font-weight: 400;\"><strong>Quinto cuatrimestre<\/strong><\/p>\n<ul>\n<li style=\"font-weight: 400;\">Ingl\u00e9s V<\/li>\n<li style=\"font-weight: 400;\">Liderazgo de equipos de alto desempe\u00f1o<\/li>\n<li style=\"font-weight: 400;\">Ecuaciones diferenciales<\/li>\n<li style=\"font-weight: 400;\">Automatizaci\u00f3n de infraestructura y telecomunicaciones<\/li>\n<li style=\"font-weight: 400;\">Mantenimiento a servicios industriales<\/li>\n<li style=\"font-weight: 400;\">Ciencia de los materiales<\/li>\n<li style=\"font-weight: 400;\">Proyecto integrador II<\/li>\n<\/ul>\n<p>&nbsp;<\/p>\n<p style=\"font-weight: 400;\"><strong>Sexto cuatrimestre<\/strong><\/p>\n<ul>\n<li style=\"font-weight: 400;\">Estad\u00eda T\u00e9cnico Superior Universitario en Mantenimiento a Instalaciones<\/li>\n<\/ul>\n<p>[\/vc_column_text][\/vc_column_inner][\/vc_row_inner][vc_row_inner css=&#8221;.vc_custom_1477659882299{padding-top: 25px !important;}&#8221;][vc_column_inner][vc_column_text]<\/p>\n<h2 style=\"text-align: center;\">INGENIER\u00cdA<\/h2>\n<p>[\/vc_column_text][vc_separator border_width=&#8221;3&#8243;][\/vc_column_inner][\/vc_row_inner][vc_row_inner css=&#8221;.vc_custom_1477659882299{padding-top: 25px !important;}&#8221;][vc_column_inner width=&#8221;1\/2&#8243;][vc_column_text]<\/p>\n<div id=\"primero\" class=\"tab-pane active\">\n<p style=\"font-weight: 400;\"><strong>S\u00e9ptimo cuatrimestre<\/strong><\/p>\n<ul>\n<li style=\"font-weight: 400;\">Ingl\u00e9s VI<\/li>\n<li style=\"font-weight: 400;\">Habilidades gerenciales<\/li>\n<li style=\"font-weight: 400;\">F\u00edsica para ingenier\u00eda<\/li>\n<li style=\"font-weight: 400;\">Administraci\u00f3n estrat\u00e9gica para mantenimiento<\/li>\n<li style=\"font-weight: 400;\">Ciencia de los materiales<\/li>\n<li style=\"font-weight: 400;\">Proyecto integrador II<\/li>\n<\/ul>\n<p>&nbsp;<\/p>\n<p style=\"font-weight: 400;\"><strong>Octavo cuatrimestre<\/strong><\/p>\n<ul>\n<li style=\"font-weight: 400;\">Ingl\u00e9s VII<\/li>\n<li style=\"font-weight: 400;\">Ingenier\u00eda econ\u00f3mica<\/li>\n<li style=\"font-weight: 400;\">Mantenimiento predictivo mec\u00e1nico<\/li>\n<li style=\"font-weight: 400;\">T\u00e9cnicas TPM y RCM<\/li>\n<li style=\"font-weight: 400;\">Ensayos destructivos<\/li>\n<li style=\"font-weight: 400;\">Sistemas automatizados y redes industriales<\/li>\n<li style=\"font-weight: 400;\">Protocolos de operaci\u00f3n y mantenimiento<\/li>\n<\/ul>\n<\/div>\n<p>[\/vc_column_text][\/vc_column_inner][vc_column_inner width=&#8221;1\/2&#8243;][vc_column_text]<\/p>\n<div id=\"cuarto\" class=\"tab-pane active\">\n<p style=\"font-weight: 400;\"><strong>Noveno cuatrimestre<\/strong><\/p>\n<ul>\n<li style=\"font-weight: 400;\">Ingl\u00e9s VIII<\/li>\n<li style=\"font-weight: 400;\">Gesti\u00f3n ambiental<\/li>\n<li style=\"font-weight: 400;\">Manufactura asistida por computadora<\/li>\n<li style=\"font-weight: 400;\">Gesti\u00f3n del talento humano<\/li>\n<li style=\"font-weight: 400;\">Ensayos no destructivos<\/li>\n<li style=\"font-weight: 400;\">Visualizaci\u00f3n y control de procesos<\/li>\n<li style=\"font-weight: 400;\">Proyecto Integrador III<\/li>\n<\/ul>\n<\/div>\n<div id=\"cuarto\" class=\"tab-pane active\">\n<p>&nbsp;<\/p>\n<p style=\"font-weight: 400;\"><strong>D\u00e9cimo cuatrimestre<\/strong><\/p>\n<ul>\n<li style=\"font-weight: 400;\">Estad\u00eda Ingenier\u00eda en Mantenimiento Industrial<\/li>\n<\/ul>\n<\/div>\n<p>[\/vc_column_text][\/vc_column_inner][\/vc_row_inner][\/vc_tta_section][vc_tta_section i_icon_tm_acadevo=&#8221;kw_acadevo flaticon-college&#8221; add_icon=&#8221;true&#8221; title=&#8221;CONTACTO DE CARRERA&#8221; tab_id=&#8221;1565938619341-66de9270-3da3&#8243;][vc_row_inner css=&#8221;.vc_custom_1477659882299{padding-top: 25px !important;}&#8221;][vc_column_inner width=&#8221;1\/3&#8243;][vc_single_image image=&#8221;4515&#8243; img_size=&#8221;full&#8221;][\/vc_column_inner][vc_column_inner width=&#8221;2\/3&#8243;][vc_column_text css=&#8221;.vc_custom_1730308208473{padding-top: 15px !important;}&#8221;]<span style=\"color: #1cb127;\"><strong>Contacto:<\/strong><\/span><\/p>\n<p><b>Ing. Raymundo Vel\u00e1zquez<\/b><strong>\u00a0<\/strong><br \/>\n<a href=\"mailto:raymundo.velazquez@utcorregidora.edu.mx\">raymundo.velazquez@utcorregidora.edu.mx<\/a>[\/vc_column_text][\/vc_column_inner][\/vc_row_inner][\/vc_tta_section][\/vc_tta_tabs][\/vc_column][\/vc_row]<\/p>\n","protected":false},"excerpt":{"rendered":"<p>[vc_row][vc_column][vc_row_inner][vc_column_inner][vc_single_image image=&#8221;4668&#8243; img_size=&#8221;full&#8221;][\/vc_column_inner][\/vc_row_inner][\/vc_column][\/vc_row][vc_row tm_bgimagefixed=&#8221;&#8221;][vc_column][vc_tta_tabs active_section=&#8221;1&#8243; css=&#8221;.vc_custom_1566196631627{padding-top: 20px !important;}&#8221; el_class=&#8221;tm-fluid-menu&#8221;][vc_tta_section i_icon_tm_acadevo=&#8221;kw_acadevo flaticon-creative&#8221; add_icon=&#8221;true&#8221; title=&#8221;ACERCA DE LA CARRERA&#8221; tab_id=&#8221;1499504802275-aeab2227-56e2&#8243;][vc_row_inner css=&#8221;.vc_custom_1477659882299{padding-top: 25px !important;}&#8221;][vc_column_inner width=&#8221;1\/3&#8243;][vc_single_image image=&#8221;4514&#8243; img_size=&#8221;full&#8221;][\/vc_column_inner][vc_column_inner width=&#8221;2\/3&#8243;][vc_column_text css=&#8221;.vc_custom_1730307845055{padding-top: 15px !important;}&#8221;] INGENIER\u00cdA EN MANTENIMIENTO INDUSTRIAL &nbsp; Nuestra misi\u00f3n es ofrecer una educaci\u00f3n de excelencia en Ingenier\u00eda en Mantenimiento Industrial, formando profesionales con competencias integrales tanto t\u00e9cnicas como humanas. Desarrollamos &hellip; <a href=\"https:\/\/utcorregidora.edu.mx\/resp-utc-2025\/ingenieria-en-mantenimiento-industrial\/\" class=\"more-link\">Continue reading <span class=\"screen-reader-text\">INGENIER\u00cdA EN MANTENIMIENTO INDUSTRIAL<\/span><\/a><\/p>\n","protected":false},"author":1,"featured_media":0,"parent":0,"menu_order":51,"comment_status":"closed","ping_status":"closed","template":"","meta":{"footnotes":""},"class_list":["post-9139","page","type-page","status-publish","hentry"],"_links":{"self":[{"href":"https:\/\/utcorregidora.edu.mx\/resp-utc-2025\/wp-json\/wp\/v2\/pages\/9139","targetHints":{"allow":["GET"]}}],"collection":[{"href":"https:\/\/utcorregidora.edu.mx\/resp-utc-2025\/wp-json\/wp\/v2\/pages"}],"about":[{"href":"https:\/\/utcorregidora.edu.mx\/resp-utc-2025\/wp-json\/wp\/v2\/types\/page"}],"author":[{"embeddable":true,"href":"https:\/\/utcorregidora.edu.mx\/resp-utc-2025\/wp-json\/wp\/v2\/users\/1"}],"replies":[{"embeddable":true,"href":"https:\/\/utcorregidora.edu.mx\/resp-utc-2025\/wp-json\/wp\/v2\/comments?post=9139"}],"version-history":[{"count":5,"href":"https:\/\/utcorregidora.edu.mx\/resp-utc-2025\/wp-json\/wp\/v2\/pages\/9139\/revisions"}],"predecessor-version":[{"id":9774,"href":"https:\/\/utcorregidora.edu.mx\/resp-utc-2025\/wp-json\/wp\/v2\/pages\/9139\/revisions\/9774"}],"wp:attachment":[{"href":"https:\/\/utcorregidora.edu.mx\/resp-utc-2025\/wp-json\/wp\/v2\/media?parent=9139"}],"curies":[{"name":"wp","href":"https:\/\/api.w.org\/{rel}","templated":true}]}}