{"id":9085,"date":"2024-10-29T11:24:53","date_gmt":"2024-10-29T17:24:53","guid":{"rendered":"https:\/\/utcorregidora.edu.mx\/resp-utc-2025\/?page_id=9085"},"modified":"2025-03-21T10:56:18","modified_gmt":"2025-03-21T16:56:18","slug":"ingenieria-en-biotecnologia","status":"publish","type":"page","link":"https:\/\/utcorregidora.edu.mx\/resp-utc-2025\/ingenieria-en-biotecnologia\/","title":{"rendered":"INGENIER\u00cdA EN BIOTECNOLOG\u00cdA"},"content":{"rendered":"<p>[vc_row][vc_column][vc_row_inner][vc_column_inner][vc_single_image image=&#8221;6894&#8243; img_size=&#8221;full&#8221;][\/vc_column_inner][\/vc_row_inner][\/vc_column][\/vc_row][vc_row tm_bgimagefixed=&#8221;&#8221;][vc_column][vc_tta_tabs active_section=&#8221;1&#8243; css=&#8221;.vc_custom_1566196631627{padding-top: 20px !important;}&#8221; el_class=&#8221;tm-fluid-menu&#8221;][vc_tta_section i_icon_tm_acadevo=&#8221;kw_acadevo flaticon-creative&#8221; add_icon=&#8221;true&#8221; title=&#8221;ACERCA DE LA CARRERA&#8221; tab_id=&#8221;1499504802275-aeab2227-56e2&#8243;][vc_row_inner css=&#8221;.vc_custom_1477659882299{padding-top: 25px !important;}&#8221;][vc_column_inner width=&#8221;1\/3&#8243;][vc_single_image image=&#8221;4557&#8243; img_size=&#8221;full&#8221;][\/vc_column_inner][vc_column_inner width=&#8221;2\/3&#8243;][vc_column_text css=&#8221;.vc_custom_1730223038622{padding-top: 15px !important;}&#8221;]<\/p>\n<h2 class=\"title\">INGENIER\u00cdA EN<b> <span style=\"color: #00cf15;\">BIOTECNOLOG\u00cdA<\/span><\/b><b><\/b><\/h2>\n<p style=\"font-weight: 400;\">Nuestra carrera de Ingenier\u00eda en Biotecnolog\u00eda combina ciencia y tecnolog\u00eda para desarrollar soluciones de vanguardia en sectores clave como la agricultura, salud, medioambiente e industria alimentaria. Con un enfoque en la transformaci\u00f3n de insumos qu\u00edmicos y biol\u00f3gicos, formar\u00e1s parte de la nueva generaci\u00f3n de profesionales capaces de dise\u00f1ar y desarrollar bioprocesos que generan bienes y servicios con impacto a nivel regional, nacional e internacional.<\/p>\n<p style=\"font-weight: 400;\">Como egresado de esta carrera, estar\u00e1s preparado para enfrentar los retos del mundo actual, impulsando el desarrollo sostenible y mejorando el bienestar social. Te brindaremos una formaci\u00f3n integral que abarca conocimientos t\u00e9cnicos especializados, habilidades anal\u00edticas y una visi\u00f3n innovadora, respondiendo a las necesidades del sector productivo y social.<\/p>\n<p>[\/vc_column_text][\/vc_column_inner][\/vc_row_inner][\/vc_tta_section][vc_tta_section i_icon_tm_acadevo=&#8221;kw_acadevo flaticon-meeting&#8221; add_icon=&#8221;true&#8221; title=&#8221;CAMPO LABORAL&#8221; tab_id=&#8221;1565938621660-b1319b13-2454&#8243;][vc_row_inner css=&#8221;.vc_custom_1477659882299{padding-top: 25px !important;}&#8221;][vc_column_inner width=&#8221;1\/3&#8243;][vc_single_image image=&#8221;4557&#8243; img_size=&#8221;full&#8221;][\/vc_column_inner][vc_column_inner width=&#8221;2\/3&#8243;][vc_column_text css=&#8221;.vc_custom_1730223051168{padding-top: 15px !important;}&#8221;]<\/p>\n<p style=\"font-weight: 400;\">El o la egresada de la Ingenier\u00eda en Biotecnolog\u00eda podr\u00e1 desenvolverse en los siguientes sectores productivos y sociales como:<\/p>\n<ul style=\"font-weight: 400;\">\n<li>Industria productiva en y empresas grandes, medianas, peque\u00f1as y microempresas del \u00e1rea biotecnol\u00f3gica, qu\u00edmica, farmac\u00e9utica, salud, alimentaria, ambiental y agropecuaria.<\/li>\n<li>Instituciones gubernamentales de apoyo y fomento al desarrollo biotecnol\u00f3gico.<\/li>\n<li>Organizaciones No Gubernamentales del \u00e1rea biotecnol\u00f3gica.<\/li>\n<li>Empresas de consultor\u00eda y gestor\u00eda en materia de formulaci\u00f3n y evaluaci\u00f3n de proyectos biotecnol\u00f3gicos.<\/li>\n<li>Empresa propias y particulares.<\/li>\n<li>Instituciones y centros de investigaci\u00f3n del \u00e1rea biol\u00f3gica, qu\u00edmica o de ingenier\u00eda.<\/li>\n<\/ul>\n<p>&nbsp;<\/p>\n<p style=\"font-weight: 400;\"><strong>Podr\u00e1 desempe\u00f1arse en\u00a0 los siguientes roles profesionales:<\/strong><\/p>\n<ul>\n<li>Jefe o gerente de control de calidad en la industria de \u00e1reas afines a la biotecnolog\u00eda.<\/li>\n<li>Jefe o gerente de seguridad e higiene en industrias afines a la biotecnolog\u00eda.<\/li>\n<li>Jefe o gerente de laboratorio en diagn\u00f3stico molecular.<\/li>\n<li>Ingeniero de procesos de \u00e1reas afines a la biotecnolog\u00eda.<\/li>\n<li>Ingeniero de calidad de bioproductos.<\/li>\n<li>Microbi\u00f3logo industrial.<\/li>\n<li>Analista de proyectos de inversi\u00f3n en el \u00e1rea de la biotecnolog\u00eda.<\/li>\n<li>Gerente o supervisor de producci\u00f3n en industrias afines a la biotecnolog\u00eda.<\/li>\n<li>Gestor de tecnolog\u00edas y recursos.<\/li>\n<li>Jefe o gerente de innovaci\u00f3n, investigaci\u00f3n y desarrollo de proyectos.<\/li>\n<li>Consultor, asesor o auditor en las \u00e1reas agropecuaria, alimenticia, ambiental y m\u00e9dico farmac\u00e9utico.<\/li>\n<li>Especialista en innovaci\u00f3n y desarrollo de bioprocesos.<\/li>\n<li>Representante de ventas de equipos y productos biotecnol\u00f3gicos y afines.<\/li>\n<li>Emprendedor de negocios biotecnol\u00f3gicos.<\/li>\n<li>Docente en \u00e1reas afines a la biotecnolog\u00eda.<\/li>\n<\/ul>\n<p>[\/vc_column_text][\/vc_column_inner][\/vc_row_inner][\/vc_tta_section][vc_tta_section i_icon_tm_acadevo=&#8221;kw_acadevo flaticon-books-stack-of-three&#8221; add_icon=&#8221;true&#8221; title=&#8221;MAPA CUATRIMESTRAL&#8221; tab_id=&#8221;1730220885602-a7b5c073-c7f1&#8243;][vc_row_inner css=&#8221;.vc_custom_1477659882299{padding-top: 25px !important;}&#8221;][vc_column_inner][vc_column_text]<\/p>\n<h2 style=\"text-align: center;\">TSU<\/h2>\n<p>[\/vc_column_text][vc_separator border_width=&#8221;3&#8243;][\/vc_column_inner][\/vc_row_inner][vc_row_inner css=&#8221;.vc_custom_1477659882299{padding-top: 25px !important;}&#8221;][vc_column_inner width=&#8221;1\/2&#8243;][vc_column_text]<\/p>\n<div id=\"primero\" class=\"tab-pane active\">\n<p style=\"font-weight: 400;\"><strong>Primer cuatrimestre<\/strong><\/p>\n<ul>\n<li style=\"font-weight: 400;\">Ingl\u00e9s I<\/li>\n<li style=\"font-weight: 400;\">Desarrollo humano y valores<\/li>\n<li style=\"font-weight: 400;\">Fundamentos matem\u00e1ticos<\/li>\n<li style=\"font-weight: 400;\">Biotecnolog\u00eda y desarrollo sostenible<\/li>\n<li style=\"font-weight: 400;\">Qu\u00edmica org\u00e1nica<\/li>\n<li style=\"font-weight: 400;\">Qu\u00edmica inorg\u00e1nica<\/li>\n<li style=\"font-weight: 400;\">Comunicaci\u00f3n y habilidades digitales<\/li>\n<\/ul>\n<p>&nbsp;<\/p>\n<p style=\"font-weight: 400;\"><strong>Segundo cuatrimestre<\/strong><\/p>\n<ul>\n<li style=\"font-weight: 400;\">Ingl\u00e9s II<\/li>\n<li style=\"font-weight: 400;\">Habilidades socioemocionales y manejo de conflictos<\/li>\n<li style=\"font-weight: 400;\">C\u00e1lculo diferencial<\/li>\n<li style=\"font-weight: 400;\">F\u00edsica<\/li>\n<li style=\"font-weight: 400;\">Probabilidad y estad\u00edstica<\/li>\n<li style=\"font-weight: 400;\">Qu\u00edmica anal\u00edtica<\/li>\n<li style=\"font-weight: 400;\">Biolog\u00eda y fisiolog\u00eda celular<\/li>\n<\/ul>\n<p>&nbsp;<\/p>\n<p style=\"font-weight: 400;\"><strong>Tercer cuatrimestre<\/strong><\/p>\n<ul>\n<li style=\"font-weight: 400;\">Ingl\u00e9s III<\/li>\n<li style=\"font-weight: 400;\">Desarrollo del pensamiento y toma de decisiones<\/li>\n<li style=\"font-weight: 400;\">C\u00e1lculo integral<\/li>\n<li style=\"font-weight: 400;\">Termodin\u00e1mica y f\u00edsicoqu\u00edmica<\/li>\n<li style=\"font-weight: 400;\">Microbiolog\u00eda<\/li>\n<li style=\"font-weight: 400;\">Bioqu\u00edmica<\/li>\n<li style=\"font-weight: 400;\">Proyecto integrador I<\/li>\n<\/ul>\n<\/div>\n<p>[\/vc_column_text][\/vc_column_inner][vc_column_inner width=&#8221;1\/2&#8243;][vc_column_text]<\/p>\n<div id=\"cuarto\" class=\"tab-pane active\">\n<p style=\"font-weight: 400;\"><strong>Cuarto cuatrimestre<\/strong><\/p>\n<ul>\n<li style=\"font-weight: 400;\">Ingl\u00e9s IV<\/li>\n<li style=\"font-weight: 400;\">\u00c9tica profesional<\/li>\n<li style=\"font-weight: 400;\">C\u00e1lculo de varias variables<\/li>\n<li style=\"font-weight: 400;\">Balance de materia y energ\u00eda<\/li>\n<li style=\"font-weight: 400;\">Biolog\u00eda molecular<\/li>\n<li style=\"font-weight: 400;\">Inmunolog\u00eda<\/li>\n<li style=\"font-weight: 400;\">Tecnolog\u00eda enzim\u00e1tica<\/li>\n<\/ul>\n<p>&nbsp;<\/p>\n<p style=\"font-weight: 400;\"><strong>Quinto cuatrimestre<\/strong><\/p>\n<ul>\n<li style=\"font-weight: 400;\">Ingl\u00e9s V<\/li>\n<li style=\"font-weight: 400;\">Liderazgo de equipos de alto desempe\u00f1o<\/li>\n<li style=\"font-weight: 400;\">Ecuaciones diferenciales<\/li>\n<li style=\"font-weight: 400;\">Fundamentos de bioprocesos<\/li>\n<li style=\"font-weight: 400;\">T\u00f3picos de biotecnolog\u00eda<\/li>\n<li style=\"font-weight: 400;\">Bioseguridad e higiene<\/li>\n<li style=\"font-weight: 400;\">Proyecto integrador II<\/li>\n<\/ul>\n<\/div>\n<p>&nbsp;<\/p>\n<div id=\"cuarto\" class=\"tab-pane active\">\n<p style=\"font-weight: 400;\"><strong>Sexto cuatrimestre<\/strong><\/p>\n<ul>\n<li style=\"font-weight: 400;\">Estad\u00eda T\u00e9cnico Superior Universitario en Biotecnolog\u00eda<\/li>\n<\/ul>\n<\/div>\n<p>[\/vc_column_text][\/vc_column_inner][\/vc_row_inner][vc_row_inner css=&#8221;.vc_custom_1477659882299{padding-top: 25px !important;}&#8221;][vc_column_inner][vc_column_text]<\/p>\n<h2 style=\"text-align: center;\">INGENIER\u00cdA<\/h2>\n<p>[\/vc_column_text][vc_separator border_width=&#8221;3&#8243;][\/vc_column_inner][\/vc_row_inner][vc_row_inner css=&#8221;.vc_custom_1477659882299{padding-top: 25px !important;}&#8221;][vc_column_inner width=&#8221;1\/2&#8243;][vc_column_text]<\/p>\n<div id=\"primero\" class=\"tab-pane active\">\n<p style=\"font-weight: 400;\"><strong>S\u00e9ptimo cuatrimestre<\/strong><\/p>\n<ul>\n<li style=\"font-weight: 400;\">Ingl\u00e9s VI<\/li>\n<li style=\"font-weight: 400;\">Habilidades gerenciales<\/li>\n<li style=\"font-weight: 400;\">Operaciones unitarias<\/li>\n<li style=\"font-weight: 400;\">Fen\u00f3menos de transporte<\/li>\n<li style=\"font-weight: 400;\">Dise\u00f1o de experimentos y control estad\u00edstico<\/li>\n<li style=\"font-weight: 400;\">Ingenier\u00eda gen\u00e9tica<\/li>\n<li style=\"font-weight: 400;\">Control de calidad<\/li>\n<\/ul>\n<\/div>\n<p>&nbsp;<\/p>\n<div id=\"primero\" class=\"tab-pane active\">\n<p style=\"font-weight: 400;\"><strong>Octavo cuatrimestre<\/strong><\/p>\n<ul>\n<li style=\"font-weight: 400;\">Ingl\u00e9s VII<\/li>\n<li style=\"font-weight: 400;\">Biotecnolog\u00eda ambiental<\/li>\n<li style=\"font-weight: 400;\">Ingenier\u00eda en bioprocesos<\/li>\n<li style=\"font-weight: 400;\">Ingenier\u00eda de biorreactores<\/li>\n<li style=\"font-weight: 400;\">Biotecnolog\u00eda agropecuaria<\/li>\n<li style=\"font-weight: 400;\">Bioinform\u00e1tica<\/li>\n<li style=\"font-weight: 400;\">Ingenier\u00eda de proyectos<\/li>\n<\/ul>\n<\/div>\n<p>[\/vc_column_text][\/vc_column_inner][vc_column_inner width=&#8221;1\/2&#8243;][vc_column_text]<\/p>\n<div id=\"cuarto\" class=\"tab-pane active\">\n<p style=\"font-weight: 400;\"><strong>Noveno cuatrimestre<\/strong><\/p>\n<ul>\n<li style=\"font-weight: 400;\">Ingl\u00e9s VIII<\/li>\n<li style=\"font-weight: 400;\">Biotecnolog\u00eda m\u00e9dico-farmac\u00e9utica<\/li>\n<li style=\"font-weight: 400;\">Mejora de bioprocesos<\/li>\n<li style=\"font-weight: 400;\">Control de bioprocesos<\/li>\n<li style=\"font-weight: 400;\">Biotecnolog\u00eda en alimentos<\/li>\n<li style=\"font-weight: 400;\">Metabolismo secundario<\/li>\n<li style=\"font-weight: 400;\">Proyecto integrador III<\/li>\n<\/ul>\n<p>&nbsp;<\/p>\n<p style=\"font-weight: 400;\"><strong>D\u00e9cimo cuatrimestre<\/strong><\/p>\n<ul>\n<li style=\"font-weight: 400;\">Estad\u00eda Licenciatura en Ingenier\u00eda en Biotecnolog\u00eda<\/li>\n<\/ul>\n<\/div>\n<p>[\/vc_column_text][\/vc_column_inner][\/vc_row_inner][\/vc_tta_section][vc_tta_section i_icon_tm_acadevo=&#8221;kw_acadevo flaticon-college&#8221; add_icon=&#8221;true&#8221; title=&#8221;CONTACTO DE CARRERA&#8221; tab_id=&#8221;1565938619341-66de9270-3da3&#8243;][vc_row_inner css=&#8221;.vc_custom_1477659882299{padding-top: 25px !important;}&#8221;][vc_column_inner width=&#8221;1\/3&#8243;][vc_single_image image=&#8221;4515&#8243; img_size=&#8221;full&#8221;][\/vc_column_inner][vc_column_inner width=&#8221;2\/3&#8243;][vc_column_text css=&#8221;.vc_custom_1742576175719{padding-top: 15px !important;}&#8221;]<span style=\"color: #1cb127;\"><strong>Contacto:<\/strong><\/span><\/p>\n<p><b>Dr. V\u00edctor Manuel Hern\u00e1ndez Pimentel<\/b><\/p>\n<div><a href=\"mailto:victor.hernandez@utcorregidora.edu.mx\"><span lang=\"ES\">victor.hernandez@utcorregidora.edu.mx<\/span><\/a><\/div>\n<p>[\/vc_column_text][\/vc_column_inner][\/vc_row_inner][\/vc_tta_section][\/vc_tta_tabs][\/vc_column][\/vc_row]<\/p>\n","protected":false},"excerpt":{"rendered":"<p>[vc_row][vc_column][vc_row_inner][vc_column_inner][vc_single_image image=&#8221;6894&#8243; img_size=&#8221;full&#8221;][\/vc_column_inner][\/vc_row_inner][\/vc_column][\/vc_row][vc_row tm_bgimagefixed=&#8221;&#8221;][vc_column][vc_tta_tabs active_section=&#8221;1&#8243; css=&#8221;.vc_custom_1566196631627{padding-top: 20px !important;}&#8221; el_class=&#8221;tm-fluid-menu&#8221;][vc_tta_section i_icon_tm_acadevo=&#8221;kw_acadevo flaticon-creative&#8221; add_icon=&#8221;true&#8221; title=&#8221;ACERCA DE LA CARRERA&#8221; tab_id=&#8221;1499504802275-aeab2227-56e2&#8243;][vc_row_inner css=&#8221;.vc_custom_1477659882299{padding-top: 25px !important;}&#8221;][vc_column_inner width=&#8221;1\/3&#8243;][vc_single_image image=&#8221;4557&#8243; img_size=&#8221;full&#8221;][\/vc_column_inner][vc_column_inner width=&#8221;2\/3&#8243;][vc_column_text css=&#8221;.vc_custom_1730223038622{padding-top: 15px !important;}&#8221;] INGENIER\u00cdA EN BIOTECNOLOG\u00cdA Nuestra carrera de Ingenier\u00eda en Biotecnolog\u00eda combina ciencia y tecnolog\u00eda para desarrollar soluciones de vanguardia en sectores clave como la agricultura, salud, medioambiente e industria &hellip; <a href=\"https:\/\/utcorregidora.edu.mx\/resp-utc-2025\/ingenieria-en-biotecnologia\/\" class=\"more-link\">Continue reading <span class=\"screen-reader-text\">INGENIER\u00cdA EN BIOTECNOLOG\u00cdA<\/span><\/a><\/p>\n","protected":false},"author":1,"featured_media":0,"parent":0,"menu_order":51,"comment_status":"closed","ping_status":"closed","template":"","meta":{"footnotes":""},"class_list":["post-9085","page","type-page","status-publish","hentry"],"_links":{"self":[{"href":"https:\/\/utcorregidora.edu.mx\/resp-utc-2025\/wp-json\/wp\/v2\/pages\/9085","targetHints":{"allow":["GET"]}}],"collection":[{"href":"https:\/\/utcorregidora.edu.mx\/resp-utc-2025\/wp-json\/wp\/v2\/pages"}],"about":[{"href":"https:\/\/utcorregidora.edu.mx\/resp-utc-2025\/wp-json\/wp\/v2\/types\/page"}],"author":[{"embeddable":true,"href":"https:\/\/utcorregidora.edu.mx\/resp-utc-2025\/wp-json\/wp\/v2\/users\/1"}],"replies":[{"embeddable":true,"href":"https:\/\/utcorregidora.edu.mx\/resp-utc-2025\/wp-json\/wp\/v2\/comments?post=9085"}],"version-history":[{"count":6,"href":"https:\/\/utcorregidora.edu.mx\/resp-utc-2025\/wp-json\/wp\/v2\/pages\/9085\/revisions"}],"predecessor-version":[{"id":9872,"href":"https:\/\/utcorregidora.edu.mx\/resp-utc-2025\/wp-json\/wp\/v2\/pages\/9085\/revisions\/9872"}],"wp:attachment":[{"href":"https:\/\/utcorregidora.edu.mx\/resp-utc-2025\/wp-json\/wp\/v2\/media?parent=9085"}],"curies":[{"name":"wp","href":"https:\/\/api.w.org\/{rel}","templated":true}]}}