{"id":9076,"date":"2024-10-29T10:44:47","date_gmt":"2024-10-29T16:44:47","guid":{"rendered":"https:\/\/utcorregidora.edu.mx\/resp-utc-2025\/?page_id=9076"},"modified":"2025-02-11T08:56:56","modified_gmt":"2025-02-11T14:56:56","slug":"ing-en-ti-e-innovacion-digital","status":"publish","type":"page","link":"https:\/\/utcorregidora.edu.mx\/resp-utc-2025\/ing-en-ti-e-innovacion-digital\/","title":{"rendered":"ING. EN TI E INNOVACI\u00d3N DIGITAL"},"content":{"rendered":"<p>[vc_row][vc_column][vc_row_inner][vc_column_inner][vc_single_image image=&#8221;8328&#8243; img_size=&#8221;full&#8221;][\/vc_column_inner][\/vc_row_inner][\/vc_column][\/vc_row][vc_row tm_bgimagefixed=&#8221;&#8221;][vc_column][vc_tta_tabs active_section=&#8221;1&#8243; css=&#8221;.vc_custom_1566196631627{padding-top: 20px !important;}&#8221; el_class=&#8221;tm-fluid-menu&#8221;][vc_tta_section i_icon_tm_acadevo=&#8221;kw_acadevo flaticon-creative&#8221; add_icon=&#8221;true&#8221; title=&#8221;ACERCA DE LA CARRERA&#8221; tab_id=&#8221;1499504802275-aeab2227-56e2&#8243;][vc_row_inner css=&#8221;.vc_custom_1477659882299{padding-top: 25px !important;}&#8221;][vc_column_inner width=&#8221;1\/3&#8243;][vc_single_image image=&#8221;4559&#8243; img_size=&#8221;full&#8221;][\/vc_column_inner][vc_column_inner width=&#8221;2\/3&#8243;][vc_column_text css=&#8221;.vc_custom_1730220625274{padding-top: 15px !important;}&#8221;]<\/p>\n<h2 class=\"title\">INGENIER\u00cdA EN<b>\u00a0<span style=\"color: #00cf15;\">TECNOLOG\u00cdAS DE LA INFORMACI\u00d3N E INNOVACI\u00d3N DIGITAL<\/span><\/b><\/h2>\n<p>&nbsp;<\/p>\n<p style=\"font-weight: 400;\">La revoluci\u00f3n digital no se detiene y las empresas necesitan profesionales capaces de liderar la innovaci\u00f3n en un mundo impulsado por la tecnolog\u00eda. La Ingenier\u00eda en Tecnolog\u00edas de la Informaci\u00f3n e Innovaci\u00f3n Digital te prepara para afrontar los retos actuales y futuros, integrando conocimientos en desarrollo de software, ciberseguridad, infraestructura digital y gesti\u00f3n de proyectos tecnol\u00f3gicos.<\/p>\n<p style=\"font-weight: 400;\">Con un enfoque integral en el desarrollo de habilidades t\u00e9cnicas y de liderazgo, esta carrera te abre las puertas a un mundo de oportunidades en las \u00e1reas m\u00e1s demandadas del sector tecnol\u00f3gico. Aprender\u00e1s a crear soluciones innovadoras, gestionar redes inteligentes, proteger los datos m\u00e1s sensibles y liderar equipos en proyectos de gran impacto.<\/p>\n<p>[\/vc_column_text][\/vc_column_inner][\/vc_row_inner][\/vc_tta_section][vc_tta_section i_icon_tm_acadevo=&#8221;kw_acadevo flaticon-meeting&#8221; add_icon=&#8221;true&#8221; title=&#8221;CAMPO LABORAL&#8221; tab_id=&#8221;1565938621660-b1319b13-2454&#8243;][vc_row_inner css=&#8221;.vc_custom_1477659882299{padding-top: 25px !important;}&#8221;][vc_column_inner width=&#8221;1\/3&#8243;][vc_single_image image=&#8221;4559&#8243; img_size=&#8221;full&#8221;][\/vc_column_inner][vc_column_inner width=&#8221;2\/3&#8243;][vc_column_text css=&#8221;.vc_custom_1730220668752{padding-top: 15px !important;}&#8221;]<\/p>\n<p style=\"font-weight: 400;\">Las y los egresados de la Ingenier\u00eda en Tecnolog\u00edas de la Informaci\u00f3n y Innovaci\u00f3n Digital podr\u00e1n desenvolverse en:<\/p>\n<p style=\"font-weight: 400;\"><strong>\u00a0<\/strong><\/p>\n<ul style=\"font-weight: 400;\">\n<li>Empresas tecnol\u00f3gicas: como desarrolladores de software, especialistas en ciberseguridad o ingenieros de redes y c\u00f3mputo en la nube.<\/li>\n<li>Empresas de innovaci\u00f3n y desarrollo digital.<\/li>\n<li>Industria de videojuegos.<\/li>\n<li>Consultor\u00edas de TI.<\/li>\n<li>Empresas de marketing y contenidos digitales.<\/li>\n<li>Corporaciones de tecnolog\u00edas y ciberseguridad.<\/li>\n<li>Sector p\u00fablico y privado.<\/li>\n<li>Emprendimientos tecnol\u00f3gicos: iniciando sus propios proyectos o negocios digitales.<\/li>\n<\/ul>\n<p style=\"font-weight: 400;\"><strong>Podr\u00e1 desempe\u00f1arse en\u00a0 los siguientes roles profesionales:<\/strong><\/p>\n<ul style=\"font-weight: 400;\">\n<li>Desarrollador Front-End, Back-End o Full Stack.<\/li>\n<li>Desarrollador de aplicaciones m\u00f3viles.<\/li>\n<li>L\u00edder de proyectos de Tecnolog\u00edas de la Informaci\u00f3n.<\/li>\n<li>Director de proyectos de innovaci\u00f3n digital.<\/li>\n<li>Desarrollador de videojuegos.<\/li>\n<li>Creador de contenidos digitales.<\/li>\n<li>Director de negocios digitales.<\/li>\n<li>Ingeniero de redes digitales.<\/li>\n<li>Ingeniero de c\u00f3mputo en la nube y virtualizaci\u00f3n.<\/li>\n<li>Ingeniero DevOps.<\/li>\n<li>Especialista en ciberseguridad y protecci\u00f3n de datos.<\/li>\n<li>Integrador de soluciones de infraestructura de redes inteligentes.<\/li>\n<li>L\u00edder de proyectos de infraestructura de redes inteligentes y ciberseguridad.<\/li>\n<li>Administrador de TI.<\/li>\n<li>Auditor de TI.<\/li>\n<li>Administrador de redes.<\/li>\n<li>Analista de ciberseguridad.<\/li>\n<li>Administrador de bases de datos.<\/li>\n<\/ul>\n<p>[\/vc_column_text][\/vc_column_inner][\/vc_row_inner][\/vc_tta_section][vc_tta_section i_icon_tm_acadevo=&#8221;kw_acadevo flaticon-books-stack-of-three&#8221; add_icon=&#8221;true&#8221; title=&#8221;MAPA CUATRIMESTRAL&#8221; tab_id=&#8221;1730220885602-a7b5c073-c7f1&#8243;][vc_row_inner css=&#8221;.vc_custom_1477659882299{padding-top: 25px !important;}&#8221;][vc_column_inner][vc_column_text]<\/p>\n<h2 style=\"text-align: center;\">TSU<\/h2>\n<p>[\/vc_column_text][vc_separator border_width=&#8221;3&#8243;][\/vc_column_inner][\/vc_row_inner][vc_row_inner css=&#8221;.vc_custom_1477659882299{padding-top: 25px !important;}&#8221;][vc_column_inner width=&#8221;1\/2&#8243;][vc_column_text]<\/p>\n<div id=\"primero\" class=\"tab-pane active\">\n<p style=\"font-weight: 400;\"><strong>Primer cuatrimestre<\/strong><\/p>\n<ul>\n<li style=\"font-weight: 400;\">Ingl\u00e9s I<\/li>\n<li style=\"font-weight: 400;\">Desarrollo humano y valores<\/li>\n<li style=\"font-weight: 400;\">Fundamentos matem\u00e1ticos<\/li>\n<li style=\"font-weight: 400;\">Fundamentos de redes<\/li>\n<li style=\"font-weight: 400;\">F\u00edsica<\/li>\n<li style=\"font-weight: 400;\">Metodolog\u00eda de la programaci\u00f3n<\/li>\n<li style=\"font-weight: 400;\">Comunicaci\u00f3n y habilidades digitales<\/li>\n<\/ul>\n<p>&nbsp;<\/p>\n<p style=\"font-weight: 400;\"><strong>Segundo cuatrimestre<\/strong><\/p>\n<ul>\n<li style=\"font-weight: 400;\">Ingl\u00e9s II<\/li>\n<li style=\"font-weight: 400;\">Habilidades socioemocionales y manejo de conflictos<\/li>\n<li style=\"font-weight: 400;\">C\u00e1lculo diferencial<\/li>\n<li style=\"font-weight: 400;\">Conmutaci\u00f3n y enrutamiento de redes<\/li>\n<li style=\"font-weight: 400;\">Probabilidad y estad\u00edstica<\/li>\n<li style=\"font-weight: 400;\">Programaci\u00f3n estructurada<\/li>\n<li style=\"font-weight: 400;\">Sistemas operativos<\/li>\n<\/ul>\n<p>&nbsp;<\/p>\n<p style=\"font-weight: 400;\"><strong>Tercer cuatrimestre<\/strong><\/p>\n<ul>\n<li style=\"font-weight: 400;\">Ingl\u00e9s III<\/li>\n<li style=\"font-weight: 400;\">Desarrollo de pensamiento y toma de decisiones<\/li>\n<li style=\"font-weight: 400;\">C\u00e1lculo Integral<\/li>\n<li style=\"font-weight: 400;\">T\u00f3picos de calidad para dise\u00f1o de software<\/li>\n<li style=\"font-weight: 400;\">Bases de datos<\/li>\n<li style=\"font-weight: 400;\">Programaci\u00f3n orientada a objetos<\/li>\n<li style=\"font-weight: 400;\">Proyecto integrador I<\/li>\n<\/ul>\n<\/div>\n<p>[\/vc_column_text][\/vc_column_inner][vc_column_inner width=&#8221;1\/2&#8243;][vc_column_text]<\/p>\n<div id=\"cuarto\" class=\"tab-pane active\">\n<p style=\"font-weight: 400;\"><strong>Cuarto cuatrimestre<\/strong><\/p>\n<ul>\n<li style=\"font-weight: 400;\">Ingl\u00e9s IV<\/li>\n<li style=\"font-weight: 400;\">\u00c9tica profesional<\/li>\n<li style=\"font-weight: 400;\">C\u00e1lculo de varias variables<\/li>\n<li style=\"font-weight: 400;\">Modelado y animaci\u00f3n digital<\/li>\n<li style=\"font-weight: 400;\">Dise\u00f1o digital y producci\u00f3n audiovisual<\/li>\n<li style=\"font-weight: 400;\">Aplicaciones web<\/li>\n<li style=\"font-weight: 400;\">Mercadotecnia digital<\/li>\n<\/ul>\n<p>&nbsp;<\/p>\n<p style=\"font-weight: 400;\"><strong>Quinto cuatrimestre<\/strong><\/p>\n<ul>\n<li style=\"font-weight: 400;\">Ingl\u00e9s V<\/li>\n<li style=\"font-weight: 400;\">Liderazgo de equipos de alto desempe\u00f1o<\/li>\n<li style=\"font-weight: 400;\">Ecuaciones diferenciales<\/li>\n<li style=\"font-weight: 400;\">Aplicaciones para realidad aumentada<\/li>\n<li style=\"font-weight: 400;\">Aplicaciones para realidad virtual<\/li>\n<li style=\"font-weight: 400;\">Frameworks para desarrollo web<\/li>\n<li style=\"font-weight: 400;\">Proyecto integrador I<\/li>\n<\/ul>\n<p>&nbsp;<\/p>\n<p style=\"font-weight: 400;\"><strong>Sexto cuatrimestre<\/strong><\/p>\n<ul>\n<li style=\"font-weight: 400;\">Estad\u00eda T\u00e9cnico Superior Universitario en Entornos Virtuales y Negocios Digitales<\/li>\n<\/ul>\n<\/div>\n<p>[\/vc_column_text][\/vc_column_inner][\/vc_row_inner][vc_row_inner css=&#8221;.vc_custom_1477659882299{padding-top: 25px !important;}&#8221;][vc_column_inner][vc_column_text]<\/p>\n<h2 style=\"text-align: center;\">INGENIER\u00cdA<\/h2>\n<p>[\/vc_column_text][vc_separator border_width=&#8221;3&#8243;][\/vc_column_inner][\/vc_row_inner][vc_row_inner css=&#8221;.vc_custom_1477659882299{padding-top: 25px !important;}&#8221;][vc_column_inner width=&#8221;1\/2&#8243;][vc_column_text]<\/p>\n<div id=\"primero\" class=\"tab-pane active\">\n<p style=\"font-weight: 400;\"><strong>S\u00e9ptimo cuatrimestre<\/strong><\/p>\n<ul>\n<li style=\"font-weight: 400;\">Ingl\u00e9s VI<\/li>\n<li style=\"font-weight: 400;\">Habilidades gerenciales<\/li>\n<li style=\"font-weight: 400;\">Formulaci\u00f3n de proyectos de tecnolog\u00eda<\/li>\n<li style=\"font-weight: 400;\">Fundamentos de Inteligencia Artificial<\/li>\n<li style=\"font-weight: 400;\">\u00c9tica y legislaci\u00f3n de tecnolog\u00edas de la informaci\u00f3n<\/li>\n<li style=\"font-weight: 400;\">Optativa I<\/li>\n<li style=\"font-weight: 400;\">Seguridad inform\u00e1tica<\/li>\n<\/ul>\n<p>&nbsp;<\/p>\n<p style=\"font-weight: 400;\"><strong>Octavo cuatrimestre<\/strong><\/p>\n<ul>\n<li style=\"font-weight: 400;\">Ingl\u00e9s VII<\/li>\n<li style=\"font-weight: 400;\">Electr\u00f3nica digital<\/li>\n<li style=\"font-weight: 400;\">Gesti\u00f3n de proyectos de tecnolog\u00eda<\/li>\n<li style=\"font-weight: 400;\">Programaci\u00f3n para Inteligencia Artificial<\/li>\n<li style=\"font-weight: 400;\">Administraci\u00f3n de servidores<\/li>\n<li style=\"font-weight: 400;\">Optativa II<\/li>\n<li style=\"font-weight: 400;\">Inform\u00e1tica forense<\/li>\n<\/ul>\n<\/div>\n<p>[\/vc_column_text][\/vc_column_inner][vc_column_inner width=&#8221;1\/2&#8243;][vc_column_text]<\/p>\n<div id=\"cuarto\" class=\"tab-pane active\">\n<p style=\"font-weight: 400;\"><strong>Noveno cuatrimestre<\/strong><\/p>\n<ul>\n<li style=\"font-weight: 400;\">Ingl\u00e9s VIII<\/li>\n<li style=\"font-weight: 400;\">Internet de las cosas<\/li>\n<li style=\"font-weight: 400;\">Evaluaci\u00f3n de proyectos de tecnolog\u00eda<\/li>\n<li style=\"font-weight: 400;\">Ciencia de datos<\/li>\n<li style=\"font-weight: 400;\">Tecnolog\u00edas disruptivas<\/li>\n<li style=\"font-weight: 400;\">Optativa III<\/li>\n<li style=\"font-weight: 400;\">Proyecto integrador III<\/li>\n<\/ul>\n<p>&nbsp;<\/p>\n<p style=\"font-weight: 400;\"><strong>D\u00e9cimo cuatrimestre<\/strong><\/p>\n<ul>\n<li style=\"font-weight: 400;\">Estad\u00eda Licenciatura en Ingenier\u00eda en Tecnolog\u00edas de la Informaci\u00f3n e Innovaci\u00f3n Digital<\/li>\n<\/ul>\n<\/div>\n<p>[\/vc_column_text][\/vc_column_inner][\/vc_row_inner][\/vc_tta_section][vc_tta_section i_icon_tm_acadevo=&#8221;kw_acadevo flaticon-college&#8221; add_icon=&#8221;true&#8221; title=&#8221;CONTACTO DE CARRERA&#8221; tab_id=&#8221;1565938619341-66de9270-3da3&#8243;][vc_row_inner css=&#8221;.vc_custom_1477659882299{padding-top: 25px !important;}&#8221;][vc_column_inner width=&#8221;1\/3&#8243;][vc_single_image image=&#8221;4515&#8243; img_size=&#8221;full&#8221;][\/vc_column_inner][vc_column_inner width=&#8221;2\/3&#8243;][vc_column_text css=&#8221;.vc_custom_1730222133555{padding-top: 15px !important;}&#8221;]<span style=\"color: #1cb127;\"><strong>Contacto:<\/strong><\/span><\/p>\n<p><b>Dr. Jos\u00e9<\/b><strong> Alonso Fern\u00e1ndez L\u00f3pez\u00a0<\/strong><br \/>\n<a href=\"mailto:alonso.fernandez@utcorregidora.edu.mx\">alonso.fernandez@utcorregidora.edu.mx<\/a>[\/vc_column_text][\/vc_column_inner][\/vc_row_inner][\/vc_tta_section][\/vc_tta_tabs][\/vc_column][\/vc_row]<\/p>\n","protected":false},"excerpt":{"rendered":"<p>[vc_row][vc_column][vc_row_inner][vc_column_inner][vc_single_image image=&#8221;8328&#8243; img_size=&#8221;full&#8221;][\/vc_column_inner][\/vc_row_inner][\/vc_column][\/vc_row][vc_row tm_bgimagefixed=&#8221;&#8221;][vc_column][vc_tta_tabs active_section=&#8221;1&#8243; css=&#8221;.vc_custom_1566196631627{padding-top: 20px !important;}&#8221; el_class=&#8221;tm-fluid-menu&#8221;][vc_tta_section i_icon_tm_acadevo=&#8221;kw_acadevo flaticon-creative&#8221; add_icon=&#8221;true&#8221; title=&#8221;ACERCA DE LA CARRERA&#8221; tab_id=&#8221;1499504802275-aeab2227-56e2&#8243;][vc_row_inner css=&#8221;.vc_custom_1477659882299{padding-top: 25px !important;}&#8221;][vc_column_inner width=&#8221;1\/3&#8243;][vc_single_image image=&#8221;4559&#8243; img_size=&#8221;full&#8221;][\/vc_column_inner][vc_column_inner width=&#8221;2\/3&#8243;][vc_column_text css=&#8221;.vc_custom_1730220625274{padding-top: 15px !important;}&#8221;] INGENIER\u00cdA EN\u00a0TECNOLOG\u00cdAS DE LA INFORMACI\u00d3N E INNOVACI\u00d3N DIGITAL &nbsp; La revoluci\u00f3n digital no se detiene y las empresas necesitan profesionales capaces de liderar la innovaci\u00f3n en un mundo &hellip; <a href=\"https:\/\/utcorregidora.edu.mx\/resp-utc-2025\/ing-en-ti-e-innovacion-digital\/\" class=\"more-link\">Continue reading <span class=\"screen-reader-text\">ING. EN TI E INNOVACI\u00d3N DIGITAL<\/span><\/a><\/p>\n","protected":false},"author":1,"featured_media":0,"parent":0,"menu_order":51,"comment_status":"closed","ping_status":"closed","template":"","meta":{"footnotes":""},"class_list":["post-9076","page","type-page","status-publish","hentry"],"_links":{"self":[{"href":"https:\/\/utcorregidora.edu.mx\/resp-utc-2025\/wp-json\/wp\/v2\/pages\/9076","targetHints":{"allow":["GET"]}}],"collection":[{"href":"https:\/\/utcorregidora.edu.mx\/resp-utc-2025\/wp-json\/wp\/v2\/pages"}],"about":[{"href":"https:\/\/utcorregidora.edu.mx\/resp-utc-2025\/wp-json\/wp\/v2\/types\/page"}],"author":[{"embeddable":true,"href":"https:\/\/utcorregidora.edu.mx\/resp-utc-2025\/wp-json\/wp\/v2\/users\/1"}],"replies":[{"embeddable":true,"href":"https:\/\/utcorregidora.edu.mx\/resp-utc-2025\/wp-json\/wp\/v2\/comments?post=9076"}],"version-history":[{"count":8,"href":"https:\/\/utcorregidora.edu.mx\/resp-utc-2025\/wp-json\/wp\/v2\/pages\/9076\/revisions"}],"predecessor-version":[{"id":9777,"href":"https:\/\/utcorregidora.edu.mx\/resp-utc-2025\/wp-json\/wp\/v2\/pages\/9076\/revisions\/9777"}],"wp:attachment":[{"href":"https:\/\/utcorregidora.edu.mx\/resp-utc-2025\/wp-json\/wp\/v2\/media?parent=9076"}],"curies":[{"name":"wp","href":"https:\/\/api.w.org\/{rel}","templated":true}]}}