{"id":4173,"date":"2022-03-30T14:16:47","date_gmt":"2022-03-30T20:16:47","guid":{"rendered":"https:\/\/utcorregidora.edu.mx\/resp-utc-2025\/2022\/?page_id=4173"},"modified":"2023-03-02T15:07:08","modified_gmt":"2023-03-02T21:07:08","slug":"contacto","status":"publish","type":"page","link":"https:\/\/utcorregidora.edu.mx\/resp-utc-2025\/contacto\/","title":{"rendered":"Contacto"},"content":{"rendered":"<p>[vc_row][vc_column width=&#8221;1\/2&#8243;][vc_column_text]<\/p>\n<h2 class=\"title\" style=\"text-align: justify;\">Transporte<\/h2>\n<p class=\"text-justify\" style=\"text-align: justify;\">Preocupada por facilitarte el traslado al Campus, La Universidad Tecnl\u00f3gica de Corregidora sign\u00f3 un convenio de colaboraci\u00f3n con la empresa \u201cTransportes Coroneo\u201d. Creando rutas especiales hac\u00eda la UTC, adem\u00e1s de ofrecer precios preferenciales a nuestros estudiantes. Consulta la ruta que m\u00e1s se acerque a tus necesidades de transporte:<\/p>\n<p style=\"text-align: justify;\">Ruta Alameda &#8211; UTC \/ HORARIOS LUN-VIER: 06:55AM, 07:05AM, 07:15AM.<\/p>\n<p style=\"text-align: justify;\">Ruta UTC &#8211; QRO. \/ HORARIOS LUN-VIER: 02:15PM, 03:15PM, 04:15PM.<\/p>\n<p style=\"text-align: justify;\">Todas las rutas de Transportes Coroneo, respetar\u00e1n las tarifas preferenciales a estudiantes que cuenten con credencial vigente.<\/p>\n<p>[\/vc_column_text][\/vc_column][vc_column width=&#8221;1\/2&#8243;][vc_single_image image=&#8221;4182&#8243; img_size=&#8221;full&#8221;][\/vc_column][\/vc_row][vc_row tm_bgimagefixed=&#8221;&#8221; break_in_responsive=&#8221;991&#8243; full_width=&#8221;stretch_row&#8221; css=&#8221;.vc_custom_1568433331697{padding-bottom: 0px !important;background-image: url(https:\/\/utcorregidora.edu.mx\/resp-utc-2025\/2022\/wp-content\/uploads\/2019\/07\/map-bg-one.png?id=2242) !important;background-position: center !important;background-repeat: no-repeat !important;background-size: contain !important;}&#8221; tm_responsive_css=&#8221;74837168|colbreak_no|||||||||colbreak_no|||||55px||||colbreak_no||||||||||colbreak_no|||||||||&#8221;][vc_column width=&#8221;5\/12&#8243;]<h2 style=\"text-align:left;font-size:30px;line-height:40px;\" class=\"tm-custom-heading \" >UTCORREGIDORA<\/h2>\n<div class=\"tm-sbox tm-sbox-iconalign-before-heading none tm-sbox-bgcolor-transparent tm-bgcolor-transparent tm-sbox-textcolor- tm-textcolor- tm-sbox-isize-xs tm-sbox-isize-xs tm-sbox-istyle-none vc_custom_1648672274942 tm-sbox-heading-only tm-iconbox-text-margin\"><section class=\"tm-vc_cta3-container\"><div class=\"tm-vc_general tm-vc_cta3 tm-vc_cta3-align-left tm-vc_cta3-icon-size-xs tm-vc_cta3-icons-beforeheading tm-vc_cta3-actions-no\"><div class=\"tm-vc_cta3_content-container\"><div class=\"tm-vc_cta3-content\"><div class=\"tm-vc_cta3-content-header tm-wrap\"><div class=\"tm-vc_cta3-icons tm-wrap-cell\"><div class=\"tm-vc_icon_element tm-vc_icon_element-outer tm-vc_icon_element-align-left \"><div class=\"tm-vc_icon_element-inner  tm-vc_icon_element-color-skincolor tm-vc_icon_element-size-xs tm-vc_icon_element-style-none tm-vc_icon_element-background-color-grey\" ><span class=\"tm-vc_icon_element-icon vc_li vc_li-location\" ><\/span><\/div><\/div><\/div><div class=\"tm-vc_cta3-headers tm-wrap-cell\"><h2 style=\"font-size:20px;line-height:30px;\" class=\"tm-custom-heading \" >Direcci\u00f3n<\/h2>\n<\/div><\/div><\/div><div class=\"tm-cta3-desc-btn-wrapper\"><div class=\"tm-cta3-description\"><div class=\"tm-cta3-content-wrapper\"><p>Carr. Santa B\u00e1rbara-Coroneo Km. 11.2, Corregidora, Qro. M\u00e9x.<\/p><\/div><\/div><\/div><\/div><\/div><\/section><\/div>[vc_separator align=&#8221;align_left&#8221; el_width=&#8221;70&#8243; css=&#8221;.vc_custom_1557925390571{margin-bottom: 6px !important;}&#8221;]<div class=\"tm-sbox tm-sbox-iconalign-before-heading none tm-sbox-bgcolor-transparent tm-bgcolor-transparent tm-sbox-textcolor- tm-textcolor- tm-sbox-isize-xs tm-sbox-isize-xs tm-sbox-istyle-none vc_custom_1648672300824 tm-sbox-heading-only tm-iconbox-text-margin\"><section class=\"tm-vc_cta3-container\"><div class=\"tm-vc_general tm-vc_cta3 tm-vc_cta3-align-left tm-vc_cta3-icon-size-xs tm-vc_cta3-icons-beforeheading tm-vc_cta3-actions-no\"><div class=\"tm-vc_cta3_content-container\"><div class=\"tm-vc_cta3-content\"><div class=\"tm-vc_cta3-content-header tm-wrap\"><div class=\"tm-vc_cta3-icons tm-wrap-cell\"><div class=\"tm-vc_icon_element tm-vc_icon_element-outer tm-vc_icon_element-align-left \"><div class=\"tm-vc_icon_element-inner  tm-vc_icon_element-color-skincolor tm-vc_icon_element-size-xs tm-vc_icon_element-style-none tm-vc_icon_element-background-color-grey\" ><span class=\"tm-vc_icon_element-icon fa fa-envelope-o\" ><\/span><\/div><\/div><\/div><div class=\"tm-vc_cta3-headers tm-wrap-cell\"><h2 style=\"font-size:20px;line-height:30px;\" class=\"tm-custom-heading \" >Email<\/h2>\n<\/div><\/div><\/div><div class=\"tm-cta3-desc-btn-wrapper\"><div class=\"tm-cta3-description\"><div class=\"tm-cta3-content-wrapper\"><p><a href=\"mailto:info@utcorregidora.edu.mx\">info@utcorregidora.edu.mx<\/a><\/p><\/div><\/div><\/div><\/div><\/div><\/section><\/div>[vc_separator align=&#8221;align_left&#8221; el_width=&#8221;70&#8243; css=&#8221;.vc_custom_1557925398707{margin-bottom: 6px !important;}&#8221;]<div class=\"tm-sbox tm-sbox-iconalign-before-heading none tm-sbox-bgcolor-transparent tm-bgcolor-transparent tm-sbox-textcolor- tm-textcolor- tm-sbox-isize-xs tm-sbox-isize-xs tm-sbox-istyle-none vc_custom_1648672334945 tm-sbox-heading-only tm-iconbox-text-margin\"><section class=\"tm-vc_cta3-container\"><div class=\"tm-vc_general tm-vc_cta3 tm-vc_cta3-align-left tm-vc_cta3-icon-size-xs tm-vc_cta3-icons-beforeheading tm-vc_cta3-actions-no\"><div class=\"tm-vc_cta3_content-container\"><div class=\"tm-vc_cta3-content\"><div class=\"tm-vc_cta3-content-header tm-wrap\"><div class=\"tm-vc_cta3-icons tm-wrap-cell\"><div class=\"tm-vc_icon_element tm-vc_icon_element-outer tm-vc_icon_element-align-left \"><div class=\"tm-vc_icon_element-inner  tm-vc_icon_element-color-skincolor tm-vc_icon_element-size-xs tm-vc_icon_element-style-none tm-vc_icon_element-background-color-grey\" ><span class=\"tm-vc_icon_element-icon fa fa-phone\" ><\/span><\/div><\/div><\/div><div class=\"tm-vc_cta3-headers tm-wrap-cell\"><h2 style=\"font-size:20px;line-height:30px;\" class=\"tm-custom-heading \" >Tel\u00e9fono<\/h2>\n<\/div><\/div><\/div><div class=\"tm-cta3-desc-btn-wrapper\"><div class=\"tm-cta3-description\"><div class=\"tm-cta3-content-wrapper\"><p>(442) 483 0070<\/p><\/div><\/div><\/div><\/div><\/div><\/section><\/div>[\/vc_column][vc_column tm_bgcolor=&#8221;skincolor&#8221; tm_zindex=&#8221;2&#8243; width=&#8221;7\/12&#8243; css=&#8221;.vc_custom_1568010227341{margin-bottom: -60px !important;margin-left: -15px !important;padding-top: 60px !important;padding-right: 65px !important;padding-bottom: 65px !important;padding-left: 65px !important;}&#8221; tm_responsive_css=&#8221;54378453|colbreak_no|||||||||colbreak_no|25px||0px|0px|50px|15px|50px|15px|colbreak_no||||||||||colbreak_no|||||||||&#8221;]<h2 style=\"text-align:left;font-size:38px;line-height:40px;\" class=\"tm-custom-heading vc_custom_1648672375529\" >Contacto<\/h2>\n\n<div class=\"wpcf7 no-js\" id=\"wpcf7-f3606-o1\" lang=\"en-US\" dir=\"ltr\" data-wpcf7-id=\"3606\">\n<div class=\"screen-reader-response\"><p role=\"status\" aria-live=\"polite\" aria-atomic=\"true\"><\/p> <ul><\/ul><\/div>\n<form action=\"\/resp-utc-2025\/wp-json\/wp\/v2\/pages\/4173#wpcf7-f3606-o1\" method=\"post\" class=\"wpcf7-form init\" aria-label=\"Contact form\" novalidate=\"novalidate\" data-status=\"init\">\n<div style=\"display: none;\">\n<input type=\"hidden\" name=\"_wpcf7\" value=\"3606\" \/>\n<input type=\"hidden\" name=\"_wpcf7_version\" value=\"6.0.6\" \/>\n<input type=\"hidden\" name=\"_wpcf7_locale\" value=\"en_US\" \/>\n<input type=\"hidden\" name=\"_wpcf7_unit_tag\" value=\"wpcf7-f3606-o1\" \/>\n<input type=\"hidden\" name=\"_wpcf7_container_post\" value=\"0\" \/>\n<input type=\"hidden\" name=\"_wpcf7_posted_data_hash\" value=\"\" \/>\n<\/div>\n<div class=\"tm-commonform tm-contactform\">\n\t<div class=\"row\">\n\t\t<div class=\"col-md-6\">\n\t\t\t<p><span class=\"wpcf7-form-control-wrap\" data-name=\"your-name\"><input size=\"40\" maxlength=\"400\" class=\"wpcf7-form-control wpcf7-text wpcf7-validates-as-required\" aria-required=\"true\" aria-invalid=\"false\" placeholder=\"Nombre\" value=\"\" type=\"text\" name=\"your-name\" \/><\/span>\n\t\t\t<\/p>\n\t\t<\/div>\n\t\t<div class=\"col-md-6\">\n\t\t\t<p><span class=\"wpcf7-form-control-wrap\" data-name=\"your-phone\"><input size=\"40\" maxlength=\"400\" class=\"wpcf7-form-control wpcf7-text wpcf7-validates-as-required\" aria-required=\"true\" aria-invalid=\"false\" placeholder=\"Celular\" value=\"\" type=\"text\" name=\"your-phone\" \/><\/span>\n\t\t\t<\/p>\n\t\t<\/div>\n\t<\/div>\n\t<div class=\"row\">\n\t\t<div class=\"col-md-6\">\n\t\t\t<p><span class=\"wpcf7-form-control-wrap\" data-name=\"your-email\"><input size=\"40\" maxlength=\"400\" class=\"wpcf7-form-control wpcf7-email wpcf7-validates-as-required wpcf7-text wpcf7-validates-as-email\" aria-required=\"true\" aria-invalid=\"false\" placeholder=\"Email\" value=\"\" type=\"email\" name=\"your-email\" \/><\/span>\n\t\t\t<\/p>\n\t\t<\/div>\n\t\t<div class=\"col-md-6\">\n\t\t\t<p><span class=\"wpcf7-form-control-wrap\" data-name=\"your-venue\"><input size=\"40\" maxlength=\"400\" class=\"wpcf7-form-control wpcf7-text wpcf7-validates-as-required\" aria-required=\"true\" aria-invalid=\"false\" placeholder=\"Asunto\" value=\"\" type=\"text\" name=\"your-venue\" \/><\/span>\n\t\t\t<\/p>\n\t\t<\/div>\n\t<\/div>\n\t<div class=\"row\">\n\t\t<div class=\"col-md-12\">\n\t\t\t<p><span class=\"wpcf7-form-control-wrap\" data-name=\"your-message\"><textarea cols=\"40\" rows=\"1\" maxlength=\"2000\" class=\"wpcf7-form-control wpcf7-textarea wpcf7-validates-as-required\" aria-required=\"true\" aria-invalid=\"false\" placeholder=\"Mensaje\" name=\"your-message\"><\/textarea><\/span>\n\t\t\t<\/p>\n\t\t<\/div>\n\t<\/div>\n\t<div>\n\t\t<p><input class=\"wpcf7-form-control wpcf7-submit has-spinner tm-vc_general tm-vc_btn3 tm-vc_btn3-shape-square tm-vc_btn3-style-outline tm-vc_btn3-color-white\" type=\"submit\" value=\"Enviar\" \/>\n\t\t<\/p>\n\t<\/div>\n<\/div><div class=\"wpcf7-response-output\" aria-hidden=\"true\"><\/div>\n<\/form>\n<\/div>\n[\/vc_column][\/vc_row][vc_row tm_bgimagefixed=&#8221;&#8221; full_width=&#8221;stretch_row_content_no_spaces&#8221; css=&#8221;.vc_custom_1558154407954{padding-top: 0px !important;padding-bottom: 0px !important;}&#8221;][vc_column tm_zindex=&#8221;1&#8243;][vc_gmaps link=&#8221;#E-8_JTNDaWZyYW1lJTIwc3JjJTNEJTIyaHR0cHMlM0ElMkYlMkZ3d3cuZ29vZ2xlLmNvbSUyRm1hcHMlMkZlbWJlZCUzRnBiJTNEJTIxMW0xOCUyMTFtMTIlMjExbTMlMjExZDM3MzguNDIzMDExODU5MTcwNCUyMTJkLTEwMC40MjkzMDk0ODQ4ODUxNCUyMTNkMjAuNDQ3ODExOTg2MzE1OTgzJTIxMm0zJTIxMWYwJTIxMmYwJTIxM2YwJTIxM20yJTIxMWkxMDI0JTIxMmk3NjglMjE0ZjEzLjElMjEzbTMlMjExbTIlMjExczB4ODVkMzQ2MzI4ZDZjZjc1MyUyNTNBMHhkOWMyOWE2OWRhY2Y4MTRlJTIxMnNVbml2ZXJzaWRhZCUyNTIwVGVjbm9sJTI1QzMlMjVCM2dpY2ElMjUyMGRlJTI1MjBDb3JyZWdpZG9yYSUyMTVlMCUyMTNtMiUyMTFzZXMlMjEyc214JTIxNHYxNjQ4NjczMDUxOTgxJTIxNW0yJTIxMXNlcyUyMTJzbXglMjIlMjB3aWR0aCUzRCUyMjEwMCUyMiUyMGhlaWdodCUzRCUyMjQ1MCUyMiUyMCUyMHN0eWxlJTNEJTIyYm9yZGVyJTNBMCUyMiUyMGFsbG93ZnVsbHNjcmVlbiUzRSUzQyUyRmlmcmFtZSUzRSUwQQ==&#8221; css=&#8221;.vc_custom_1648673183884{margin-bottom: 0px !important;}&#8221;][\/vc_column][\/vc_row]<\/p>\n","protected":false},"excerpt":{"rendered":"<p>[vc_row][vc_column width=&#8221;1\/2&#8243;][vc_column_text] Transporte Preocupada por facilitarte el traslado al Campus, La Universidad Tecnl\u00f3gica de Corregidora sign\u00f3 un convenio de colaboraci\u00f3n con la empresa \u201cTransportes Coroneo\u201d. Creando rutas especiales hac\u00eda la UTC, adem\u00e1s de ofrecer precios preferenciales a nuestros estudiantes. Consulta la ruta que m\u00e1s se acerque a tus necesidades de transporte: Ruta Alameda &#8211; UTC &hellip; <a href=\"https:\/\/utcorregidora.edu.mx\/resp-utc-2025\/contacto\/\" class=\"more-link\">Continue reading <span class=\"screen-reader-text\">Contacto<\/span><\/a><\/p>\n","protected":false},"author":1,"featured_media":0,"parent":0,"menu_order":9,"comment_status":"closed","ping_status":"closed","template":"","meta":{"footnotes":""},"class_list":["post-4173","page","type-page","status-publish","hentry"],"_links":{"self":[{"href":"https:\/\/utcorregidora.edu.mx\/resp-utc-2025\/wp-json\/wp\/v2\/pages\/4173","targetHints":{"allow":["GET"]}}],"collection":[{"href":"https:\/\/utcorregidora.edu.mx\/resp-utc-2025\/wp-json\/wp\/v2\/pages"}],"about":[{"href":"https:\/\/utcorregidora.edu.mx\/resp-utc-2025\/wp-json\/wp\/v2\/types\/page"}],"author":[{"embeddable":true,"href":"https:\/\/utcorregidora.edu.mx\/resp-utc-2025\/wp-json\/wp\/v2\/users\/1"}],"replies":[{"embeddable":true,"href":"https:\/\/utcorregidora.edu.mx\/resp-utc-2025\/wp-json\/wp\/v2\/comments?post=4173"}],"version-history":[{"count":12,"href":"https:\/\/utcorregidora.edu.mx\/resp-utc-2025\/wp-json\/wp\/v2\/pages\/4173\/revisions"}],"predecessor-version":[{"id":5987,"href":"https:\/\/utcorregidora.edu.mx\/resp-utc-2025\/wp-json\/wp\/v2\/pages\/4173\/revisions\/5987"}],"wp:attachment":[{"href":"https:\/\/utcorregidora.edu.mx\/resp-utc-2025\/wp-json\/wp\/v2\/media?parent=4173"}],"curies":[{"name":"wp","href":"https:\/\/api.w.org\/{rel}","templated":true}]}}