{"id":4153,"date":"2022-03-30T13:30:34","date_gmt":"2022-03-30T19:30:34","guid":{"rendered":"https:\/\/utcorregidora.edu.mx\/resp-utc-2025\/2022\/?page_id=4153"},"modified":"2025-01-16T12:45:50","modified_gmt":"2025-01-16T18:45:50","slug":"idiomas","status":"publish","type":"page","link":"https:\/\/utcorregidora.edu.mx\/resp-utc-2025\/idiomas\/","title":{"rendered":"Idiomas"},"content":{"rendered":"<p>[vc_row tm_bgimagefixed=&#8221;&#8221; tm_responsive_css=&#8221;51991250|colbreak_no|||||||||colbreak_no|||||70px||1px||colbreak_no||||||||||colbreak_no|||||||||&#8221; css=&#8221;.vc_custom_1648670619885{padding-bottom: 5px !important;}&#8221;][vc_column]<h1 style=\"text-align:center;font-size:45px;line-height:30px;\" class=\"tm-custom-heading \" >CURSOS SABATINOS DE IDIOMAS, INGL\u00c9S Y FRANC\u00c9S<\/h1>\n[vc_empty_space height=&#8221;50px&#8221;][vc_column_text]<\/p>\n<h3 class=\"title\" style=\"text-align: justify;\"><b>Horarios de Oficina<\/b> de Lunes a Viernes de 8:30 a 15:00 y S\u00e1bados 8:00 a 13:30.<\/h3>\n<p style=\"text-align: justify;\">El curso est\u00e1 dividido por niveles (B\u00c1SICO, INTERMEDIO Y AVANZADO), cada nivel tiene dos ETAPAS y cada etapa tiene una duraci\u00f3n de 65 horas en secciones de 5 horas por s\u00e1bado, siendo un total de 13 s\u00e1bados durante un cuatrimestre escolar UTC; Se entrega constancia por ETAPA de curso.<\/p>\n<p>&nbsp;<\/p>\n<p style=\"text-align: center;\"><strong>M\u00e1s informaci\u00f3n:<\/strong>\u00a0<a href=\"mailto:fernanda.rodriguez@utcorregidora.edu.mx\">fernanda.rodriguez@utcorregidora.edu.mx<\/a><\/p>\n<p>[\/vc_column_text][vc_row_inner disable_element=&#8221;yes&#8221;][vc_column_inner][vc_column_text]<\/p>\n<h2 style=\"text-align: center;\"><span style=\"color: #000000;\">REGISTRO A CURSOS DE EDUCACI\u00d3N CONTIN\u00daA<\/span><\/h2>\n<h2 style=\"text-align: center;\"><span style=\"color: #008000;\"><strong>Curso sabatino de Ingl\u00e9s 2024<\/strong><\/span><\/h2>\n<p>&nbsp;<\/p>\n<p style=\"text-align: center;\">Puedes realizar tu registro JULIO &#8211; SEPTIEMBRE 2024 en el siguiente enlace:<\/p>\n<p>[\/vc_column_text][vc_btn title=&#8221;Registro a curso de ingl\u00e9s JULIO 2024.&#8221; style=&#8221;3d&#8221; shape=&#8221;square&#8221; color=&#8221;green&#8221; size=&#8221;lg&#8221; align=&#8221;center&#8221; i_icon_fontawesome=&#8221;fas fa-clipboard-check&#8221; add_icon=&#8221;true&#8221; link=&#8221;url:https%3A%2F%2Fcontrolescolar.saiutcorregidora.mx%2Fcursos.php|target:_blank&#8221;][vc_empty_space height=&#8221;50px&#8221;][\/vc_column_inner][\/vc_row_inner][\/vc_column][\/vc_row][vc_row tm_bgimagefixed=&#8221;&#8221; disable_element=&#8221;yes&#8221; tm_responsive_css=&#8221;51991250|colbreak_no|||||||||colbreak_no|||||70px||1px||colbreak_no||||||||||colbreak_no|||||||||&#8221; css=&#8221;.vc_custom_1737053027567{padding-bottom: 5px !important;}&#8221;][vc_column width=&#8221;1\/2&#8243;]<h1 style=\"text-align:center;font-size:40px;line-height:30px;color:#dd2166;\" class=\"tm-custom-heading \" >CURSO SABATINO DE INGL\u00c9S<\/h1>\n[vc_single_image image=&#8221;8403&#8243; img_size=&#8221;full&#8221; alignment=&#8221;center&#8221;][vc_empty_space height=&#8221;50px&#8221;][\/vc_column][vc_column width=&#8221;1\/2&#8243;][vc_column_text]<\/p>\n<h3 class=\"title\" style=\"text-align: center;\">INICIO DE CURSOS :<\/h3>\n<h1 class=\"time\" style=\"text-align: center;\"><span style=\"color: #1cb127;\">06 &#8211; Jul- 2024<\/span><\/h1>\n<h3 class=\"title\" style=\"text-align: center;\">HORARIOS DE CLASES:<\/h3>\n<h1 class=\"time\" style=\"text-align: center;\"><span style=\"color: #1cb127;\">08:00 HRS. &#8211; 13:30 HRS.<\/span><\/h1>\n<h4 class=\"title\" style=\"text-align: center;\"><b>INSCRIPCIONES ABIERTAS<\/b><\/h4>\n<p>[\/vc_column_text][vc_empty_space height=&#8221;50px&#8221;][vc_column_text]<\/p>\n<h2 class=\"title\">Requisitos:<\/h2>\n<p>1.- Identificaci\u00f3n vigente con fotograf\u00eda\u00a0 (evidencia para descuento)<br \/>\nEDAD: De 16 a\u00f1os en adelante.<\/p>\n<p><b>Favor de enviar el punto 1 \u00a0escaneado a la Coordinaci\u00f3n de Idiomas Sabatinos, al correo: fernanda.rodriguez@utcorregidora.edu.mx<\/b><\/p>\n<h2 class=\"title\">Procedimiento:<\/h2>\n<p>1.- Registro en portal UTC.<\/p>\n<p>2.- Impresi\u00f3n de Ficha de Pago.<br \/>\n3.- Realizar Pago en Banco.[\/vc_column_text][vc_column_text]<\/p>\n<h2 class=\"title\">Costos y Descuentos:<\/h2>\n<p>Costo general del curso $ 2,358.00 M.N.<br \/>\n&#8211; Estudiantes en general $ 2,121.00 (Identificaci\u00f3n vigente o constancia).<br \/>\n&#8211; Alumnos y Trabajadores de Gobierno $ 1,650.00<br \/>\n&#8211; Hijos de trabajadores UTC $ 740.00<\/p>\n<p>&nbsp;<\/p>\n<p style=\"text-align: center;\"><b>*** Una vez realizado el pago del curso, no habr\u00e1 devoluciones ***<\/b><\/p>\n<p>[\/vc_column_text][\/vc_column][\/vc_row][vc_row tm_bgimagefixed=&#8221;&#8221; disable_element=&#8221;yes&#8221; tm_responsive_css=&#8221;51991250|colbreak_no|||||||||colbreak_no|||||70px||1px||colbreak_no||||||||||colbreak_no|||||||||&#8221; css=&#8221;.vc_custom_1676318065352{padding-bottom: 5px !important;}&#8221;][vc_column width=&#8221;1\/2&#8243;]<h1 style=\"text-align:center;font-size:40px;line-height:30px;color:#1cb127;\" class=\"tm-custom-heading \" >CURSO SABATINO DE INGL\u00c9S<\/h1>\n[vc_single_image image=&#8221;5189&#8243; img_size=&#8221;full&#8221; alignment=&#8221;center&#8221;][vc_column_text]<\/p>\n<h3 class=\"title\" style=\"text-align: center;\">INICIO DE CURSOS :<\/h3>\n<h1 class=\"time\" style=\"text-align: center;\"><span style=\"color: #1cb127;\">24 &#8211; Sep- 2022<\/span><\/h1>\n<h3 class=\"title\" style=\"text-align: center;\">HORARIOS DE CLASES :<\/h3>\n<h1 class=\"time\" style=\"text-align: center;\"><span style=\"color: #1cb127;\">08:00 HRS. &#8211; 13:00 HRS.<\/span><\/h1>\n<h4 class=\"title\" style=\"text-align: center;\"><b>INSCRIPCIONES ABIERTAS<\/b><\/h4>\n<p>[\/vc_column_text][vc_empty_space height=&#8221;50px&#8221;][vc_column_text]<\/p>\n<h2 class=\"title\">Requisitos:<\/h2>\n<p>1.- CURP<br \/>\n2.- Identificaci\u00f3n vigente (evidencia para descuento)<br \/>\nEDAD: De 11 a\u00f1os en adelante.<br \/>\n<b>Favor de enviar los puntos 1 y 2 escaneados a la Coordinaci\u00f3n de Idiomas Sabatinos, al correo : fernanda.rodriguez@utcorregidora.edu.mx<\/b><\/p>\n<h2 class=\"title\">Procedimiento:<\/h2>\n<p>1.- Recepci\u00f3n de Ficha de Pago.<br \/>\n2.- Realizar Pago en Banco.[\/vc_column_text][\/vc_column][vc_column width=&#8221;1\/2&#8243;]<h1 style=\"text-align:center;font-size:40px;line-height:30px;color:#1cb127;\" class=\"tm-custom-heading \" >CURSO SABATINO DE FRANC\u00c9S<\/h1>\n[vc_single_image image=&#8221;4158&#8243; img_size=&#8221;full&#8221; alignment=&#8221;center&#8221;][vc_column_text]<\/p>\n<h3 class=\"title\" style=\"text-align: center;\">INICIO DE CURSOS :<\/h3>\n<h1 class=\"time\" style=\"text-align: center;\"><span style=\"color: #1cb127;\">19 &#8211; Feb- 2022<\/span><\/h1>\n<h3 class=\"title\" style=\"text-align: center;\">HORARIOS DE CLASES :<\/h3>\n<h1 class=\"time\" style=\"text-align: center;\"><span style=\"color: #1cb127;\">08:00 HRS. &#8211; 13:30 HRS.<\/span><\/h1>\n<h4 class=\"title\" style=\"text-align: center;\"><b>INSCRIPCIONES ABIERTAS<\/b><\/h4>\n<p>[\/vc_column_text][vc_empty_space height=&#8221;50px&#8221;][vc_column_text]<\/p>\n<h2 class=\"title\">Costos y Descuentos:<\/h2>\n<p>Costo general del curso $ 2,089.00 M.N.<br \/>\n&#8211; Estudiantes en general $ 1,880.00 (Identificaci\u00f3n vigente o constancia).<br \/>\n&#8211; Alumnos y Trabajadores de Gobierno $ 1,462.00<br \/>\n&#8211; Hijos de trabajadores UTC $ 657.00<br \/>\n&#8211; Mas de un hijo de trabajadoresUTC $ 537.00<br \/>\n<b><\/b><\/p>\n<p style=\"text-align: center;\"><b>*** Una vez realizado el pago del curso, no habr\u00e1 devoluciones ***<\/b><\/p>\n<p>[\/vc_column_text][\/vc_column][\/vc_row][vc_row tm_bgimagefixed=&#8221;&#8221; tm_responsive_css=&#8221;51991250|colbreak_no|||||||||colbreak_no|||||||30px||colbreak_no||||||||||colbreak_no|||||||||&#8221; css=&#8221;.vc_custom_1648670514039{padding-top: 0px !important;}&#8221;][vc_column width=&#8221;1\/2&#8243;]<h2 style=\"text-align:left;font-size:25px;line-height:30px;color:#1cb127;\" class=\"tm-custom-heading vc_custom_1648670708694\" >INGL\u00c9S<\/h2>\n[vc_tta_tour color=&#8221;black&#8221; controls_size=&#8221;md&#8221; css=&#8221;.vc_custom_1648671050415{padding-top: 0px !important;}&#8221;][vc_tta_section title=&#8221;B\u00e1sico&#8221; tab_id=&#8221;1648669338597-92ec1d00-3e0f&#8221;][vc_column_text]<\/p>\n<h2 class=\"title\" style=\"text-align: justify;\">B\u00e1sico<\/h2>\n<p style=\"text-align: justify;\">A1 Nivel 1 y 2. El alumno puede entender y usar expresiones cotidianas familiares y usarlas para satisfacer una necesidad particular de comunicaci\u00f3n. Se puede presentar y pedir informaci\u00f3n personal con otras personas, como decir d\u00f3nde vive. Puede interactuar y hablar de manera pausada y clara.<\/p>\n<p>[\/vc_column_text][\/vc_tta_section][vc_tta_section title=&#8221;Intermedio&#8221; tab_id=&#8221;1648669338620-6c9da9b7-d932&#8243;][vc_column_text]<\/p>\n<h2 class=\"title\" style=\"text-align: justify;\">Intermedio<\/h2>\n<p style=\"text-align: justify;\">A2 Nivel 3 y 4. El alumno puede entender y usar expresiones que est\u00e1n relacionadas con temas de su inter\u00e9s (la familia, el trabajo, compras, etc.). Puede comunicarse en momentos de conversaci\u00f3n rutinaria e intercambiar informaci\u00f3n personal. Habla de aspectos de su pasado, describir asuntos de necesidad inmediata y su alrededor.<\/p>\n<p>[\/vc_column_text][\/vc_tta_section][vc_tta_section title=&#8221;Avanzado&#8221; tab_id=&#8221;1648669338644-bf65f0bf-692f&#8221;][vc_column_text]<\/p>\n<h2 class=\"title\" style=\"text-align: justify;\">Avanzado<\/h2>\n<p style=\"text-align: justify;\">B1 Nivel 5 y 6. El alumno puede entender la idea principal en asuntos cotidianos, en el trabajo, la escuela, tiempo libre, etc. Tendra la capacidad para conversar en momentos de viaje donde el idioma se utilice. Puede describir experiencias de eventos, sue\u00f1os, deseos, ambiciones y dar los razonamientos de ellos con explicaciones, opiniones y su justificaci\u00f3n.<\/p>\n<p>[\/vc_column_text][\/vc_tta_section][\/vc_tta_tour][\/vc_column][vc_column width=&#8221;1\/2&#8243;]<h2 style=\"text-align:left;font-size:25px;line-height:30px;color:#1cb127;\" class=\"tm-custom-heading vc_custom_1648670733327\" >FRANC\u00c9S<\/h2>\n[vc_tta_tour color=&#8221;black&#8221; controls_size=&#8221;md&#8221; css=&#8221;.vc_custom_1648669986524{padding-top: 0px !important;}&#8221;][vc_tta_section title=&#8221;B\u00e1sico&#8221; tab_id=&#8221;1648670170106-359a995c-e3b7&#8243;][vc_column_text]<\/p>\n<h2 class=\"title\" style=\"text-align: justify;\">B\u00e1sico<\/h2>\n<p style=\"text-align: justify;\">A1 \u2013 Nivel de descubrimiento (cuatrimestres 1 y 2)<\/p>\n<p>Este nivel valora los primeros conocimientos del estudiante. Se trata del nivel m\u00e1s elemental de la utilizaci\u00f3n de la lengua.<\/p>\n<p>El estudiante es capaz de interacciones sencillas: Puede hablar de \u00e9l y de su entorno inmediato, o sea, presentarse en pocas frases (nombre, nacionalidad, fecha de nacimiento) y hablar de su vida cotidiana (trabajo, familia, actividades) sin detallar.<\/p>\n<p>[\/vc_column_text][\/vc_tta_section][vc_tta_section title=&#8221;Intermedio&#8221; tab_id=&#8221;1648670170127-73d9f89a-07c1&#8243;][vc_column_text]<\/p>\n<h2 class=\"title\" style=\"text-align: justify;\">Intermedio<\/h2>\n<p style=\"text-align: justify;\">A2 \u2013 Nivel b\u00e1sico (cuatrimestres 3 y 4)<\/p>\n<p>Este nivel eval\u00faa las capacidades del estudiante para funcionar en un entorno francoparlante. El estudiante es capaz de realizar tareas sencillas de la vida cotidiana.<\/p>\n<p>Puede utilizar las f\u00f3rmulas de cortes\u00eda y de intercambio, las m\u00e1s usuales, o sea, participar a una interacci\u00f3n sencilla (tienda, museo, cine, estaci\u00f3n de tren, etc.). Sabe decir lo que hace y lo que hizo (trabajo, estudios, etc.), hablar de sus gustos, de sus actividades, de su familia, de su ciudad. Puede aceptar o rechazar una invitaci\u00f3n (cena, partido de tenis, etc.).<\/p>\n<p>[\/vc_column_text][\/vc_tta_section][vc_tta_section title=&#8221;Avanzado&#8221; tab_id=&#8221;1648670170147-deb85181-830d&#8221;][vc_column_text]<\/p>\n<h2 class=\"title\" style=\"text-align: justify;\">Avanzado<\/h2>\n<p style=\"text-align: justify;\">Intermedio (cuatrimestres 5 y 6)<\/p>\n<p>En este nivel, el estudiante se vuelve independiente. Es ahora capaz de seguir una interacci\u00f3n: puede entender y participar a una conversaci\u00f3n. Es capaz de desenvolverse en situaciones imprevistas de la vida cotidiana.<\/p>\n<p>Se trata de conversar con un nativo, hablar de sus proyectos, contar una an\u00e9cdota algo larga, defender un punto de vista sobre temas concretos (actualidad, cultura, etc.). Tambi\u00e9n puede expresar sentimientos (placer, disgusto, arrepentimiento, etc.).<\/p>\n<p>[\/vc_column_text][\/vc_tta_section][\/vc_tta_tour][\/vc_column][\/vc_row]<\/p>\n","protected":false},"excerpt":{"rendered":"<p>[vc_row tm_bgimagefixed=&#8221;&#8221; tm_responsive_css=&#8221;51991250|colbreak_no|||||||||colbreak_no|||||70px||1px||colbreak_no||||||||||colbreak_no|||||||||&#8221; css=&#8221;.vc_custom_1648670619885{padding-bottom: 5px !important;}&#8221;][vc_column][vc_empty_space height=&#8221;50px&#8221;][vc_column_text] Horarios de Oficina de Lunes a Viernes de 8:30 a 15:00 y S\u00e1bados 8:00 a 13:30. El curso est\u00e1 dividido por niveles (B\u00c1SICO, INTERMEDIO Y AVANZADO), cada nivel tiene dos ETAPAS y cada etapa tiene una duraci\u00f3n de 65 horas en secciones de 5 horas por s\u00e1bado, siendo &hellip; <a href=\"https:\/\/utcorregidora.edu.mx\/resp-utc-2025\/idiomas\/\" class=\"more-link\">Continue reading <span class=\"screen-reader-text\">Idiomas<\/span><\/a><\/p>\n","protected":false},"author":1,"featured_media":0,"parent":0,"menu_order":52,"comment_status":"closed","ping_status":"closed","template":"","meta":{"footnotes":""},"class_list":["post-4153","page","type-page","status-publish","hentry"],"_links":{"self":[{"href":"https:\/\/utcorregidora.edu.mx\/resp-utc-2025\/wp-json\/wp\/v2\/pages\/4153","targetHints":{"allow":["GET"]}}],"collection":[{"href":"https:\/\/utcorregidora.edu.mx\/resp-utc-2025\/wp-json\/wp\/v2\/pages"}],"about":[{"href":"https:\/\/utcorregidora.edu.mx\/resp-utc-2025\/wp-json\/wp\/v2\/types\/page"}],"author":[{"embeddable":true,"href":"https:\/\/utcorregidora.edu.mx\/resp-utc-2025\/wp-json\/wp\/v2\/users\/1"}],"replies":[{"embeddable":true,"href":"https:\/\/utcorregidora.edu.mx\/resp-utc-2025\/wp-json\/wp\/v2\/comments?post=4153"}],"version-history":[{"count":42,"href":"https:\/\/utcorregidora.edu.mx\/resp-utc-2025\/wp-json\/wp\/v2\/pages\/4153\/revisions"}],"predecessor-version":[{"id":9587,"href":"https:\/\/utcorregidora.edu.mx\/resp-utc-2025\/wp-json\/wp\/v2\/pages\/4153\/revisions\/9587"}],"wp:attachment":[{"href":"https:\/\/utcorregidora.edu.mx\/resp-utc-2025\/wp-json\/wp\/v2\/media?parent=4153"}],"curies":[{"name":"wp","href":"https:\/\/api.w.org\/{rel}","templated":true}]}}