{"id":4142,"date":"2022-03-29T14:58:42","date_gmt":"2022-03-29T20:58:42","guid":{"rendered":"https:\/\/utcorregidora.edu.mx\/resp-utc-2025\/2022\/?page_id=4142"},"modified":"2025-01-16T12:41:42","modified_gmt":"2025-01-16T18:41:42","slug":"vinculacion","status":"publish","type":"page","link":"https:\/\/utcorregidora.edu.mx\/resp-utc-2025\/vinculacion\/","title":{"rendered":"Vinculaci\u00f3n"},"content":{"rendered":"<p>[vc_row tm_textcolor=&#8221;dark&#8221; tm_bgimagefixed=&#8221;&#8221; css=&#8221;.vc_custom_1648582164462{padding-bottom: 0px !important;}&#8221; tm_responsive_css=&#8221;95311470|colbreak_no|||||||||colbreak_no|||||10px||||colbreak_no||||||||||colbreak_no|||||||||&#8221;][vc_column]<h2 style=\"text-align:center;\" class=\"tm-custom-heading \" >SERVICIOS DE VINCULACI\u00d3N<\/h2>\n[vc_tta_tabs active_section=&#8221;1&#8243; css=&#8221;.vc_custom_1566196631627{padding-top: 20px !important;}&#8221; el_class=&#8221;tm-fluid-menu&#8221;][vc_tta_section i_icon_tm_acadevo=&#8221;kw_acadevo flaticon-university&#8221; add_icon=&#8221;true&#8221; title=&#8221;Estad\u00edas&#8221; tab_id=&#8221;1499504802275-aeab2227-56e2&#8243;][vc_row_inner css=&#8221;.vc_custom_1477659882299{padding-top: 25px !important;}&#8221;][vc_column_inner][vc_column_text css=&#8221;.vc_custom_1651517682242{padding-top: 15px !important;}&#8221;]<\/p>\n<h2 class=\"title\" style=\"text-align: justify;\"><span style=\"color: #1cb127;\">ESTAD\u00cdA<\/span><\/h2>\n<p style=\"text-align: justify;\">La estad\u00eda es la etapa donde culmina la formaci\u00f3n del alumno y en la que convergen el trabajo del \u00e1rea de Vinculaci\u00f3n, Direcci\u00f3n de Divisi\u00f3n de Carrera y el \u00c1rea administrativa de la Universidad Tecnol\u00f3gica de Corregidora; se desarrolla en el sexto cuatrimestre, de tiempo completo y forma parte del plan de estudios, por lo tanto, es una actividad acad\u00e9mica y obligatoria para todos los estudiantes.<\/p>\n<p style=\"text-align: justify;\">Durante la realizaci\u00f3n, el asesor acad\u00e9mico supervisa, sugiere y propone acciones correctivas y preventivas en el desarrollo del proyecto, mientras que el titular de Vinculaci\u00f3n se mantiene informado del proceso para realizar un adecuado cierre de la estad\u00eda con la empresa en cuesti\u00f3n, de tal forma que se posibilite la contrataci\u00f3n del alumno al finalizar el periodo. El cierre de la estad\u00eda debe ser personal.<\/p>\n<p style=\"text-align: justify;\">La duraci\u00f3n de estad\u00eda se medir\u00e1 en horas de trabajo (500 a 520 dependiendo del programa educativo y no en semanas).<\/p>\n<p>[\/vc_column_text][\/vc_column_inner][\/vc_row_inner][vc_row_inner css=&#8221;.vc_custom_1477659882299{padding-top: 25px !important;}&#8221;][vc_column_inner width=&#8221;1\/2&#8243;][vc_column_text css=&#8221;.vc_custom_1688146581467{padding-top: 15px !important;}&#8221;]<\/p>\n<h2 class=\"title\"><span style=\"color: #1cb127;\">Requisitos:<\/span><\/h2>\n<ol>\n<li style=\"text-align: justify;\">REGISTRO DE ESTADIA<\/li>\n<li style=\"text-align: justify;\">CARTA DE PRESENTACI\u00d3N<\/li>\n<li style=\"text-align: justify;\">CARTA DE ACEPTACION<\/li>\n<li style=\"text-align: justify;\">ACUERDO TRIPARTITA<\/li>\n<li style=\"text-align: justify;\">FORMATO EMPRESA-ALUMNO<\/li>\n<li style=\"text-align: justify;\">ENCUESTA DE ASESOR EXTERNO<\/li>\n<li style=\"text-align: justify;\">ENCUESTA DE SATISFACCI\u00d3N<\/li>\n<li style=\"text-align: justify;\">ENCUESTA DE EGRESADOS<\/li>\n<li>CUESTIONARIO SATISFACCI\u00d3N DE LOS EMPLEADORES (TSU\/ING)<\/li>\n<li style=\"text-align: justify;\">CARTA DE LIBERACION<\/li>\n<\/ol>\n<p>RECUERDA QUE TU EXPEDIENTE DEBE ESTAR COMPLETO PARA PODER LIBERAR.<br \/>\nPARA RESOLVER TUS DUDAS, ESCRIBE A: edgar.morales@utcorregidora.edu.mx[\/vc_column_text][\/vc_column_inner][vc_column_inner width=&#8221;1\/2&#8243;][vc_column_text css=&#8221;.vc_custom_1682536982228{padding-top: 15px !important;}&#8221;]<\/p>\n<h2 class=\"title\" style=\"text-align: justify;\"><span style=\"color: #1cb127;\">Formatos:<\/span><\/h2>\n<ul>\n<li style=\"text-align: justify;\"><a href=\"https:\/\/utcorregidora.edu.mx\/resp-utc-2025\/wp-content\/uploads\/2022\/08\/CATALOGO-DE-EMPRESAS-2022-QUERETARO-UTC.xlsx\" target=\"_blank\" rel=\"noopener\">CATALOGO DE EMPRESAS 2022 QUER\u00c9TARO<\/a><\/li>\n<li><a href=\"https:\/\/utcorregidora.edu.mx\/resp-utc-2025\/wp-content\/uploads\/2023\/02\/UTC-P05-FO-RDES-Registro_Estadia.docx\">UTC-P05-FO-RDES Registro_Estadia<\/a><\/li>\n<li><a href=\"https:\/\/utcorregidora.edu.mx\/resp-utc-2025\/wp-content\/uploads\/2023\/02\/UTC-P05-FO-CPES-Carta-Presentacion-Estadia.docx\">UTC-P05-FO-CPES Carta Presentacion Estad\u00eda<\/a><\/li>\n<li><a href=\"https:\/\/utcorregidora.edu.mx\/resp-utc-2025\/wp-content\/uploads\/2023\/01\/Carta-Aceptacion-Estadias-ejemplo.pdf\" target=\"_blank\" rel=\"noopener\">Carta Aceptaci\u00f3n Estadias ejemplo<\/a><\/li>\n<li><a href=\"https:\/\/utcorregidora.edu.mx\/resp-utc-2025\/wp-content\/uploads\/2023\/02\/UTC-P05-FO-ACTRIP.docx\">UTC-P05-FO-ACTRIP Acuerdo Tripartita<\/a><\/li>\n<li><a href=\"https:\/\/utcorregidora.edu.mx\/resp-utc-2025\/wp-content\/uploads\/2023\/02\/UTC-P05-FO-FEMA-FORMATO_EMPRESA-ALUMNO.docx\">UTC-P05-FO-FEMA FORMATO_EMPRESA-ALUMNO<\/a><\/li>\n<li><a href=\"https:\/\/utcorregidora.edu.mx\/resp-utc-2025\/ELEMENTOS\/VINCULACION\/ESTADIAS\/Encuesta_Asesores_Estadia.xlsx\" target=\"_blank\" rel=\"noopener\">Encuesta Asesores Estad\u00eda<\/a><\/li>\n<li style=\"text-align: justify;\"><a href=\"https:\/\/utcorregidora.edu.mx\/resp-utc-2025\/ELEMENTOS\/VINCULACION\/ESTADIAS\/Satisfaccion_de_Egresados.pdf\" target=\"_blank\" rel=\"noopener\">Encuesta de Satisfacci\u00f3n TSU.<\/a><\/li>\n<li style=\"text-align: justify;\"><a href=\"https:\/\/utcorregidora.edu.mx\/resp-utc-2025\/wp-content\/uploads\/2022\/10\/Enuesta-corta-Egresados.docx\" target=\"_blank\" rel=\"noopener\">Encuesta corta Egresados ING<\/a><\/li>\n<li style=\"text-align: justify;\"><a href=\"https:\/\/forms.gle\/tiHvnUo28VFa4yiY9\" target=\"_blank\" rel=\"noopener\">Encuesta de Seguimiento de Egresados.<\/a><\/li>\n<li><a href=\"https:\/\/utcorregidora.edu.mx\/resp-utc-2025\/wp-content\/uploads\/2023\/01\/Carta-Terminacion-Estadias-ejemplo.pdf\" target=\"_blank\" rel=\"noopener\">Carta Terminacion Estadias ejemplo<\/a><\/li>\n<li><a href=\"https:\/\/utcorregidora.edu.mx\/resp-utc-2025\/wp-content\/uploads\/2023\/01\/Encuesta-de-empleadores-de-ING.xlsx\" target=\"_blank\" rel=\"noopener\">Encuesta de empleadores de ING<\/a><\/li>\n<li><a href=\"https:\/\/utcorregidora.edu.mx\/resp-utc-2025\/wp-content\/uploads\/2023\/01\/Encuesta-empleadores-TSU.xlsx\" target=\"_blank\" rel=\"noopener\">Encuesta empleadores TSU<\/a><\/li>\n<\/ul>\n<p>[\/vc_column_text][\/vc_column_inner][\/vc_row_inner][\/vc_tta_section][vc_tta_section i_icon_tm_acadevo=&#8221;kw_acadevo flaticon-maternity&#8221; add_icon=&#8221;true&#8221; title=&#8221;Servicio Social&#8221; tab_id=&#8221;1565938621660-b1319b13-2454&#8243;][vc_row_inner css=&#8221;.vc_custom_1477659882299{padding-top: 25px !important;}&#8221;][vc_column_inner][vc_column_text css=&#8221;.vc_custom_1651517908906{padding-top: 15px !important;}&#8221;]<\/p>\n<h2 class=\"title\" style=\"text-align: justify;\"><span style=\"color: #1cb127;\">SERVICIO SOCIAL<\/span><\/h2>\n<p style=\"text-align: justify;\">Los programas de Servicio Social deber\u00e1n tener como fin, enriquecer la formaci\u00f3n, las habilidades y destrezas de los estudiantes, particularmente orient\u00e1ndoles a la atenci\u00f3n de problemas del entorno.<\/p>\n<p style=\"text-align: justify;\">El Servicio Social es una actividad que comparten las \u00e1reas de Direcci\u00f3n de Divisi\u00f3n de Carrera y Vinculaci\u00f3n.<\/p>\n<p style=\"text-align: justify;\">Los alumnos que sean beneficiarios de una beca, PRONABES o FONABEC, podr\u00e1n realizar su servicio social de tipo comunitario en la Universidad Tecnol\u00f3gica de Corregidora, o bien, en alg\u00fan programa de la localidad.<\/p>\n<p>[\/vc_column_text][\/vc_column_inner][\/vc_row_inner][vc_row_inner css=&#8221;.vc_custom_1477659882299{padding-top: 25px !important;}&#8221;][vc_column_inner width=&#8221;1\/2&#8243;][vc_column_text css=&#8221;.vc_custom_1688146620636{padding-top: 15px !important;}&#8221;]<\/p>\n<h2 class=\"title\" style=\"text-align: justify;\"><span style=\"color: #1cb127;\">Requisitos:<\/span><\/h2>\n<ol>\n<li style=\"text-align: justify;\">REGISTRO DE SERVICIO SOCIAL<\/li>\n<li style=\"text-align: justify;\">CARTA DE PRESENTACION<\/li>\n<li style=\"text-align: justify;\">CARTA DE ACEPTACI\u00d3N<\/li>\n<li style=\"text-align: justify;\">REPORTE DE ACTIVIDADES<\/li>\n<li style=\"text-align: justify;\">CARTA DE TERMINACION<\/li>\n<li style=\"text-align: justify;\">CARTA DE LIBERACI\u00d3N<\/li>\n<\/ol>\n<p>RECUERDA QUE TU EXPEDIENTE DEBE ESTAR COMPLETO PARA PODER LIBERAR.<br \/>\nPARA RESOLVER TUS DUDAS, ESCRIBE A: edgar.morales@utcorregidora.edu.mx[\/vc_column_text][\/vc_column_inner][vc_column_inner width=&#8221;1\/2&#8243;][vc_column_text css=&#8221;.vc_custom_1678909125597{padding-top: 15px !important;}&#8221;]<\/p>\n<h2 class=\"title\" style=\"text-align: justify;\"><span style=\"color: #1cb127;\">Formatos:<\/span><\/h2>\n<ul>\n<li><a href=\"https:\/\/utcorregidora.edu.mx\/resp-utc-2025\/ELEMENTOS\/VINCULACION\/SERVICIO\/CATALOGO_SERVICIO_SOCIAL_2022.xlsx\" target=\"_blank\" rel=\"noopener\">Cat\u00e1logo de Servicio Social 2022<\/a><\/li>\n<li style=\"text-align: justify;\"><a href=\"https:\/\/siinesutcorregidora.mx\/\" target=\"_blank\" rel=\"noopener\">Solicitud de Carta de Presentaci\u00f3n y Registro de Programa de Servicio Social.<\/a><\/li>\n<li style=\"text-align: justify;\"><a href=\"https:\/\/utcorregidora.edu.mx\/resp-utc-2025\/wp-content\/uploads\/2023\/03\/UTC-P05-FO-SOLSS-SERVICIOSOCIAL.pdf\">UTC-P05-FO-SOLSS-SERVICIOSOCIAL<\/a><\/li>\n<li style=\"text-align: justify;\"><a href=\"https:\/\/utcorregidora.edu.mx\/resp-utc-2025\/ELEMENTOS\/VINCULACION\/SERVICIO\/CARTA_DE_ACEPTACION_DE_S.SOCIAL2022.docx\" target=\"_blank\" rel=\"noopener\">EJEMPLO CARTA DE ACEPTACI\u00d3N SERVICIO SOCIAL. 2022<\/a><\/li>\n<li><a href=\"https:\/\/utcorregidora.edu.mx\/resp-utc-2025\/ELEMENTOS\/VINCULACION\/SERVICIO\/Reporte_Servicio_Social.docx\" target=\"_blank\" rel=\"noopener\">Reporte de Servicio Social.<\/a><\/li>\n<li><a href=\"https:\/\/utcorregidora.edu.mx\/resp-utc-2025\/ELEMENTOS\/VINCULACION\/SERVICIO\/EJEMPLO_CARTA_DE_TERMINACION_SERVICIO_SOCIAL.pdf\" target=\"_blank\" rel=\"noopener\">EJEMPLO CARTA DE TERMINACI\u00d3N SERVICIO SOCIAL.<\/a><\/li>\n<\/ul>\n<p>[\/vc_column_text][\/vc_column_inner][\/vc_row_inner][\/vc_tta_section][vc_tta_section i_icon_tm_acadevo=&#8221;kw_acadevo flaticon-bus&#8221; add_icon=&#8221;true&#8221; title=&#8221;Visitas Industriales&#8221; tab_id=&#8221;1565938620557-b8b08321-fe58&#8243;][vc_row_inner css=&#8221;.vc_custom_1477659882299{padding-top: 25px !important;}&#8221;][vc_column_inner][vc_column_text css=&#8221;.vc_custom_1648665634659{padding-top: 15px !important;}&#8221;]<\/p>\n<h2 class=\"title\" style=\"text-align: justify;\"><span style=\"color: #1cb127;\">VISITAS INDUSTRIALES<\/span><\/h2>\n<p style=\"text-align: justify;\">Las visitas a las empresas deben corresponder con la formaci\u00f3n te\u00f3rica impartida en el aula, por lo cual, es una actividad que requiere ser evaluada acad\u00e9micamente.<\/p>\n<p style=\"text-align: justify;\">La visita de los estudiantes a la industria es una actividad institucional que debe reglamentarse contemplando la participaci\u00f3n y el compromiso del personal docente, el apoyo administrativo para su realizaci\u00f3n y el buen comportamiento de los alumnos.<\/p>\n<p style=\"text-align: justify;\">Formatos para solicitar visitas: (Solo Docentes)<\/p>\n<p style=\"text-align: justify;\"><a href=\"https:\/\/utcorregidora.edu.mx\/resp-utc-2025\/ELEMENTOS\/VINCULACION\/VISITAS\/ENCUESTA_Y_EVALUACION_DE_VISITA_2017.docx\" target=\"_blank\" rel=\"noopener\">ENCUESTA Y EVALUACIO\u0301N DE VISITA 2017.<\/a><br \/>\n<a href=\"https:\/\/utcorregidora.edu.mx\/resp-utc-2025\/ELEMENTOS\/VINCULACION\/VISITAS\/LISTA_AUTORIZADA_DE_ASISTENCIA_VISITA_2017.docx\" target=\"_blank\" rel=\"noopener\">LISTA AUTORIZADA DE ASISTENCIA VISITA 2017.<\/a><br \/>\n<a href=\"https:\/\/utcorregidora.edu.mx\/resp-utc-2025\/ELEMENTOS\/VINCULACION\/VISITAS\/PROPUESTA_DE_VISITA_INDUSTRIAL%20_2017.docx\" target=\"_blank\" rel=\"noopener\">PROPUESTA DE VISITA INDUSTRIAL 2017.<\/a><br \/>\n<a href=\"https:\/\/utcorregidora.edu.mx\/resp-utc-2025\/ELEMENTOS\/VINCULACION\/VISITAS\/REPORTE_DE_INCIDENTES.docx\" target=\"_blank\" rel=\"noopener\">REP\u00d3RTE DE INCIDENTES.<\/a><\/p>\n<p>[\/vc_column_text][\/vc_column_inner][\/vc_row_inner][\/vc_tta_section][vc_tta_section i_icon_tm_acadevo=&#8221;kw_acadevo flaticon-university-1&#8243; add_icon=&#8221;true&#8221; title=&#8221;Egresados&#8221; tab_id=&#8221;1565938619341-66de9270-3da3&#8243;][vc_row_inner css=&#8221;.vc_custom_1477659882299{padding-top: 25px !important;}&#8221;][vc_column_inner][vc_column_text css=&#8221;.vc_custom_1688146658366{padding-top: 15px !important;}&#8221;]<\/p>\n<h2 class=\"title\" style=\"text-align: justify;\"><span style=\"color: #1cb127;\">EGRESADOS<\/span><\/h2>\n<ul>\n<li><a href=\"https:\/\/docs.google.com\/forms\/d\/1E4pl2eZvZIa0cZ-Gii-CZ1zKaQCLyId5PzOYO7GT6PA\/viewform?edit_requested=true\" target=\"_blank\" rel=\"noopener\">Formulario de registro de empresas a Bolsa de Trabajo UTC.<\/a><\/li>\n<li><a href=\"https:\/\/forms.gle\/tiHvnUo28VFa4yiY9\" target=\"_blank\" rel=\"noopener\">Encuesta Seguimiento de Egresados.<\/a><\/li>\n<\/ul>\n<p>&nbsp;<\/p>\n<p>informes: tristan.garcia@utcorregidora.edu.mx[\/vc_column_text][\/vc_column_inner][\/vc_row_inner][\/vc_tta_section][vc_tta_section i_icon_tm_acadevo=&#8221;kw_acadevo flaticon-classroom&#8221; add_icon=&#8221;true&#8221; title=&#8221;Servicios Tecnol\u00f3gicos&#8221; tab_id=&#8221;1565938978277-5da17cf4-558c&#8221;][vc_row_inner css=&#8221;.vc_custom_1477659882299{padding-top: 25px !important;}&#8221;][vc_column_inner][vc_column_text css=&#8221;.vc_custom_1682376936965{padding-top: 15px !important;}&#8221;]<\/p>\n<h2 class=\"title\" style=\"text-align: justify;\"><span style=\"color: #1cb127;\">SERVICIOS TECNOL\u00d3GICOS Y CURSOS DE FORTALECIMIENTO ACAD\u00c9MICO<\/span><\/h2>\n<p style=\"text-align: justify;\">La Universidad Tecnol\u00f3gica de Corregidora a trav\u00e9s de la Direcci\u00f3n de Vinculaci\u00f3n cuenta con varias \u00e1reas del conocimiento que nos han permitido ofertar diferentes cursos, talleres, capacitaciones y adiestramiento, contamos con varias alternativas en fechas y horarios.<\/p>\n<p>Para inscribirte con nosotros es necesario realizar el pago correspondiente en sucursal bancaria, se recomienda efectuarlo con un m\u00ednimo de una semana de anticipaci\u00f3n.<\/p>\n<p>El proceso de inscripci\u00f3n es f\u00e1cil y r\u00e1pido, puede realizarlo a trav\u00e9s de e-mail o visitando las oficinas de la UTC en la Direcci\u00f3n de Vinculaci\u00f3n. El participante debe cumplir con el 80% de la asistencia a los cursos.<\/p>\n<p>[\/vc_column_text][\/vc_column_inner][\/vc_row_inner][\/vc_tta_section][\/vc_tta_tabs][\/vc_column][\/vc_row][vc_row][vc_column width=&#8221;1\/2&#8243;][vc_column_text]<\/p>\n<h3>HORARIOS DE OFICINA<\/h3>\n<div class=\"text\">\n<p>Lunes a Viernes 8:00 am. a 15:30 pm.<br \/>\nS\u00e1bado Cerrado.<br \/>\nDomingo Cerrado.<\/p>\n<p>info@utcorregidora.edu.mx<\/p>\n<\/div>\n<p>[\/vc_column_text][\/vc_column][vc_column width=&#8221;1\/2&#8243;][vc_column_text]En la Direcci\u00f3n de Vinculaci\u00f3n nos ponemos a sus \u00f3rdenes para cualquier duda o comentario al respecto.<\/p>\n<p><span style=\"color: #1cb127;\"><span style=\"caret-color: #1cb127;\"><b>Contacto\u00a0<\/b><\/span><\/span><\/p>\n<p><strong>Vinculaci\u00f3n<\/strong><br \/>\nContacto: <a href=\"mailto:fernanda.rodriguez@utcorregidora.edu.mx\">fernanda.rodriguez@utcorregidora.edu.mx<\/a>[\/vc_column_text][\/vc_column][\/vc_row]<\/p>\n","protected":false},"excerpt":{"rendered":"<p>[vc_row tm_textcolor=&#8221;dark&#8221; tm_bgimagefixed=&#8221;&#8221; css=&#8221;.vc_custom_1648582164462{padding-bottom: 0px !important;}&#8221; tm_responsive_css=&#8221;95311470|colbreak_no|||||||||colbreak_no|||||10px||||colbreak_no||||||||||colbreak_no|||||||||&#8221;][vc_column][vc_tta_tabs active_section=&#8221;1&#8243; css=&#8221;.vc_custom_1566196631627{padding-top: 20px !important;}&#8221; el_class=&#8221;tm-fluid-menu&#8221;][vc_tta_section i_icon_tm_acadevo=&#8221;kw_acadevo flaticon-university&#8221; add_icon=&#8221;true&#8221; title=&#8221;Estad\u00edas&#8221; tab_id=&#8221;1499504802275-aeab2227-56e2&#8243;][vc_row_inner css=&#8221;.vc_custom_1477659882299{padding-top: 25px !important;}&#8221;][vc_column_inner][vc_column_text css=&#8221;.vc_custom_1651517682242{padding-top: 15px !important;}&#8221;] ESTAD\u00cdA La estad\u00eda es la etapa donde culmina la formaci\u00f3n del alumno y en la que convergen el trabajo del \u00e1rea de Vinculaci\u00f3n, Direcci\u00f3n de Divisi\u00f3n de Carrera y el \u00c1rea administrativa &hellip; <a href=\"https:\/\/utcorregidora.edu.mx\/resp-utc-2025\/vinculacion\/\" class=\"more-link\">Continue reading <span class=\"screen-reader-text\">Vinculaci\u00f3n<\/span><\/a><\/p>\n","protected":false},"author":1,"featured_media":0,"parent":0,"menu_order":51,"comment_status":"closed","ping_status":"closed","template":"","meta":{"footnotes":""},"class_list":["post-4142","page","type-page","status-publish","hentry"],"_links":{"self":[{"href":"https:\/\/utcorregidora.edu.mx\/resp-utc-2025\/wp-json\/wp\/v2\/pages\/4142","targetHints":{"allow":["GET"]}}],"collection":[{"href":"https:\/\/utcorregidora.edu.mx\/resp-utc-2025\/wp-json\/wp\/v2\/pages"}],"about":[{"href":"https:\/\/utcorregidora.edu.mx\/resp-utc-2025\/wp-json\/wp\/v2\/types\/page"}],"author":[{"embeddable":true,"href":"https:\/\/utcorregidora.edu.mx\/resp-utc-2025\/wp-json\/wp\/v2\/users\/1"}],"replies":[{"embeddable":true,"href":"https:\/\/utcorregidora.edu.mx\/resp-utc-2025\/wp-json\/wp\/v2\/comments?post=4142"}],"version-history":[{"count":38,"href":"https:\/\/utcorregidora.edu.mx\/resp-utc-2025\/wp-json\/wp\/v2\/pages\/4142\/revisions"}],"predecessor-version":[{"id":9584,"href":"https:\/\/utcorregidora.edu.mx\/resp-utc-2025\/wp-json\/wp\/v2\/pages\/4142\/revisions\/9584"}],"wp:attachment":[{"href":"https:\/\/utcorregidora.edu.mx\/resp-utc-2025\/wp-json\/wp\/v2\/media?parent=4142"}],"curies":[{"name":"wp","href":"https:\/\/api.w.org\/{rel}","templated":true}]}}