{"id":2096,"date":"2019-07-12T10:16:30","date_gmt":"2019-07-12T16:16:30","guid":{"rendered":"http:\/\/localhost\/acadevo\/?page_id=2096"},"modified":"2022-03-24T12:29:26","modified_gmt":"2022-03-24T18:29:26","slug":"prensa-utc","status":"publish","type":"page","link":"https:\/\/utcorregidora.edu.mx\/resp-utc-2025\/prensa-utc\/","title":{"rendered":"Prensa"},"content":{"rendered":"<p>[vc_row][vc_column]<div class=\"themetechmount-boxes themetechmount-boxes-blog themetechmount-boxes-view-default themetechmount-boxes-col-three themetechmount-boxes-sortable-no themetechmount-boxes-textalign-center themetechmount-boxes-sortablebutton-\">\n\t\t<div class=\"themetechmount-boxes-inner themetechmount-boxes-blog-inner \">\n\t\t\t\n\t\t\t<div class=\"row multi-columns-row themetechmount-boxes-row-wrapper\">\n\t\t\t\t<div class=\"tm-box-col-wrapper col-lg-4 col-sm-6 col-md-4 col-xs-12 boletin\"><article class=\"themetechmount-box themetechmount-box-blog themetechmount-box-topimage themetechmount-blogbox-format-gallery \">\r\n\t<div class=\"post-item\">\r\n\t\t<div class=\"themetechmount-box-content\">\t\r\n\r\n\t\t\t<div class=\"tm-featured-outer-wrapper tm-post-featured-outer-wrapper\">\r\n\t\t\t\t<div class=\"tm-box-postdate\">\r\n\t\t\t\t\t\t\t\t\t<span class=\"tm-meta-line posted-on\">\r\n\t\t\t\t<span class=\"screen-reader-text tm-hide\">Posted on <\/span>\t\t\r\n\t\t\t\t<time class=\"entry-date published\" datetime=\"2025-05-01T15:47:42-06:00\">1 mayo 2025<\/time>\t\t\t\t\r\n\t\t\t\t<time class=\"updated tm-hide\" datetime=\"2025-05-02T15:52:21-06:00\">2 mayo 2025<\/time>\r\n\t\t\t<\/span>\r\n\t\t\t\t<\/div>\r\n\t\t\t\t<div class=\"tm-featured-wrapper tm-post-featured-wrapper tm-post-format-gallery\"><div class=\"tm-slick-carousel-wrapper\"><div class=\"tm-flexslider\"><ul class=\"slides\"><li><img loading=\"lazy\" decoding=\"async\" width=\"720\" height=\"544\" src=\"https:\/\/utcorregidora.edu.mx\/resp-utc-2025\/wp-content\/uploads\/2025\/05\/01_MAYO_2025_ESTUDIANTES_UTC_OBTIENEN_SEGUNDO_LUGAR_EN_EL_MOBILITU_HACKATON_DE_CDMX1-720x544.jpg\" class=\"attachment-themetechmount-img-blog-top size-themetechmount-img-blog-top\" alt=\"\" data-id=\"9976\" \/><\/li><li><img loading=\"lazy\" decoding=\"async\" width=\"720\" height=\"544\" src=\"https:\/\/utcorregidora.edu.mx\/resp-utc-2025\/wp-content\/uploads\/2025\/05\/01_MAYO_2025_ESTUDIANTES_UTC_OBTIENEN_SEGUNDO_LUGAR_EN_EL_MOBILITU_HACKATON_DE_CDMX2-720x544.jpg\" class=\"attachment-themetechmount-img-blog-top size-themetechmount-img-blog-top\" alt=\"\" data-id=\"9977\" \/><\/li><li><img loading=\"lazy\" decoding=\"async\" width=\"720\" height=\"544\" src=\"https:\/\/utcorregidora.edu.mx\/resp-utc-2025\/wp-content\/uploads\/2025\/05\/01_MAYO_2025_ESTUDIANTES_UTC_OBTIENEN_SEGUNDO_LUGAR_EN_EL_MOBILITU_HACKATON_DE_CDMX3-720x544.jpg\" class=\"attachment-themetechmount-img-blog-top size-themetechmount-img-blog-top\" alt=\"\" data-id=\"9978\" \/><\/li><li><img loading=\"lazy\" decoding=\"async\" width=\"720\" height=\"544\" src=\"https:\/\/utcorregidora.edu.mx\/resp-utc-2025\/wp-content\/uploads\/2025\/05\/01_MAYO_2025_ESTUDIANTES_UTC_OBTIENEN_SEGUNDO_LUGAR_EN_EL_MOBILITU_HACKATON_DE_CDMX4-720x544.jpg\" class=\"attachment-themetechmount-img-blog-top size-themetechmount-img-blog-top\" alt=\"\" data-id=\"9979\" \/><\/li><li><img loading=\"lazy\" decoding=\"async\" width=\"720\" height=\"544\" src=\"https:\/\/utcorregidora.edu.mx\/resp-utc-2025\/wp-content\/uploads\/2025\/05\/01_MAYO_2025_ESTUDIANTES_UTC_OBTIENEN_SEGUNDO_LUGAR_EN_EL_MOBILITU_HACKATON_DE_CDMX5-720x544.jpg\" class=\"attachment-themetechmount-img-blog-top size-themetechmount-img-blog-top\" alt=\"\" data-id=\"9980\" \/><\/li><li><img loading=\"lazy\" decoding=\"async\" width=\"720\" height=\"544\" src=\"https:\/\/utcorregidora.edu.mx\/resp-utc-2025\/wp-content\/uploads\/2025\/05\/01_MAYO_2025_ESTUDIANTES_UTC_OBTIENEN_SEGUNDO_LUGAR_EN_EL_MOBILITU_HACKATON_DE_CDMX6-720x544.jpg\" class=\"attachment-themetechmount-img-blog-top size-themetechmount-img-blog-top\" alt=\"\" data-id=\"9981\" \/><\/li><li><img loading=\"lazy\" decoding=\"async\" width=\"720\" height=\"544\" src=\"https:\/\/utcorregidora.edu.mx\/resp-utc-2025\/wp-content\/uploads\/2025\/05\/01_MAYO_2025_ESTUDIANTES_UTC_OBTIENEN_SEGUNDO_LUGAR_EN_EL_MOBILITU_HACKATON_DE_CDMX7-720x544.jpg\" class=\"attachment-themetechmount-img-blog-top size-themetechmount-img-blog-top\" alt=\"\" data-id=\"9982\" \/><\/li><\/ul><\/div><\/div><\/div>\t\t\t\t\r\n\t\t\t<\/div>\t\t\r\n\t\t\t<div class=\"themetechmount-box-desc\">\r\n\t\t\t\t<div class=\"entry-header\">\r\n\t\t\t\t\t<div class=\"tm-entry-meta-wrapper\"><div class=\"entry-meta tm-entry-meta tm-entry-meta-blogbox\"><span class=\"tm-meta-line byline\"><i class=\"fa fa-user\"><\/i> <span class=\"author vcard\"><span class=\"screen-reader-text tm-hide\">Author <\/span><a class=\"url fn n\" href=\"https:\/\/utcorregidora.edu.mx\/resp-utc-2025\/author\/prensa\/\">Prensa UTC<\/a><\/span><\/span><span class=\"tm-meta-line cat-links\"><i class=\"fa fa-tag\"><\/i> <span class=\"screen-reader-text tm-hide\">Categories <\/span><a href=\"https:\/\/utcorregidora.edu.mx\/resp-utc-2025\/category\/boletin\/\" rel=\"category tag\">Bolet\u00edn<\/a><\/span><\/div><\/div>\t\t\t\t\t<div class=\"themetechmount-box-title\"><h4><a href=\"https:\/\/utcorregidora.edu.mx\/resp-utc-2025\/2025\/05\/01\/estudiantes-utc-obtienen-segundo-lugar-en-el-mobility-hackaton-2025-en-la-cdmx\/\">Estudiantes UTC obtienen segundo lugar en el \u201cMobility Hackaton  2025\u201d en la CDMX<\/a><\/h4><\/div>\t\t\t\t<\/div>\t\t\r\n\t\t\t   \t\t<div class=\"themetechmount-box-desc-text\">\uf0b7 Dise\u00f1aron prototipo de app con inteligencia artificial que cuida la salud mental de conductores \uf0b7 El proyecto b...<\/div>\r\n\t\t\t<\/div>\r\n        <\/div>\r\n\t<\/div>\r\n<\/article>\r\n<\/div><div class=\"tm-box-col-wrapper col-lg-4 col-sm-6 col-md-4 col-xs-12 boletin\"><article class=\"themetechmount-box themetechmount-box-blog themetechmount-box-topimage themetechmount-blogbox-format-gallery \">\r\n\t<div class=\"post-item\">\r\n\t\t<div class=\"themetechmount-box-content\">\t\r\n\r\n\t\t\t<div class=\"tm-featured-outer-wrapper tm-post-featured-outer-wrapper\">\r\n\t\t\t\t<div class=\"tm-box-postdate\">\r\n\t\t\t\t\t\t\t\t\t<span class=\"tm-meta-line posted-on\">\r\n\t\t\t\t<span class=\"screen-reader-text tm-hide\">Posted on <\/span>\t\t\r\n\t\t\t\t<time class=\"entry-date published\" datetime=\"2025-04-23T15:42:47-06:00\">23 abril 2025<\/time>\t\t\t\t\r\n\t\t\t\t<time class=\"updated tm-hide\" datetime=\"2025-05-02T15:47:11-06:00\">2 mayo 2025<\/time>\r\n\t\t\t<\/span>\r\n\t\t\t\t<\/div>\r\n\t\t\t\t<div class=\"tm-featured-wrapper tm-post-featured-wrapper tm-post-format-gallery\"><div class=\"tm-slick-carousel-wrapper\"><div class=\"tm-flexslider\"><ul class=\"slides\"><li><img loading=\"lazy\" decoding=\"async\" width=\"720\" height=\"544\" src=\"https:\/\/utcorregidora.edu.mx\/resp-utc-2025\/wp-content\/uploads\/2025\/05\/23_ABRIL_2025_UTC_CONVOCA_A_ASPIRANTES_A_TECNOLOGIAS_DE_LA_INFORMACION1-720x544.jpg\" class=\"attachment-themetechmount-img-blog-top size-themetechmount-img-blog-top\" alt=\"\" data-id=\"9970\" \/><\/li><li><img loading=\"lazy\" decoding=\"async\" width=\"720\" height=\"544\" src=\"https:\/\/utcorregidora.edu.mx\/resp-utc-2025\/wp-content\/uploads\/2025\/05\/23_ABRIL_2025_UTC_CONVOCA_A_ASPIRANTES_A_TECNOLOGIAS_DE_LA_INFORMACION2-720x544.jpg\" class=\"attachment-themetechmount-img-blog-top size-themetechmount-img-blog-top\" alt=\"\" data-id=\"9971\" \/><\/li><li><img loading=\"lazy\" decoding=\"async\" width=\"720\" height=\"544\" src=\"https:\/\/utcorregidora.edu.mx\/resp-utc-2025\/wp-content\/uploads\/2025\/05\/23_ABRIL_2025_UTC_CONVOCA_A_ASPIRANTES_A_TECNOLOGIAS_DE_LA_INFORMACION3-720x544.jpg\" class=\"attachment-themetechmount-img-blog-top size-themetechmount-img-blog-top\" alt=\"\" data-id=\"9972\" \/><\/li><li><img loading=\"lazy\" decoding=\"async\" width=\"720\" height=\"544\" src=\"https:\/\/utcorregidora.edu.mx\/resp-utc-2025\/wp-content\/uploads\/2025\/05\/23_ABRIL_2025_UTC_CONVOCA_A_ASPIRANTES_A_TECNOLOGIAS_DE_LA_INFORMACION4-1-720x544.png\" class=\"attachment-themetechmount-img-blog-top size-themetechmount-img-blog-top\" alt=\"\" data-id=\"9973\" \/><\/li><\/ul><\/div><\/div><\/div>\t\t\t\t\r\n\t\t\t<\/div>\t\t\r\n\t\t\t<div class=\"themetechmount-box-desc\">\r\n\t\t\t\t<div class=\"entry-header\">\r\n\t\t\t\t\t<div class=\"tm-entry-meta-wrapper\"><div class=\"entry-meta tm-entry-meta tm-entry-meta-blogbox\"><span class=\"tm-meta-line byline\"><i class=\"fa fa-user\"><\/i> <span class=\"author vcard\"><span class=\"screen-reader-text tm-hide\">Author <\/span><a class=\"url fn n\" href=\"https:\/\/utcorregidora.edu.mx\/resp-utc-2025\/author\/prensa\/\">Prensa UTC<\/a><\/span><\/span><span class=\"tm-meta-line cat-links\"><i class=\"fa fa-tag\"><\/i> <span class=\"screen-reader-text tm-hide\">Categories <\/span><a href=\"https:\/\/utcorregidora.edu.mx\/resp-utc-2025\/category\/boletin\/\" rel=\"category tag\">Bolet\u00edn<\/a><\/span><\/div><\/div>\t\t\t\t\t<div class=\"themetechmount-box-title\"><h4><a href=\"https:\/\/utcorregidora.edu.mx\/resp-utc-2025\/2025\/04\/23\/utc-invita-a-estudiar-tecnologias-de-la-informacion-e-innovacion-digital\/\">UTC invita a estudiar Tecnolog\u00edas de la Informaci\u00f3n e Innovaci\u00f3n  Digital<\/a><\/h4><\/div>\t\t\t\t<\/div>\t\t\r\n\t\t\t   \t\t<div class=\"themetechmount-box-desc-text\">\uf0b7 La demanda de especialistas en tecnolog\u00eda y cyberseguridad aument\u00f3 hasta un 35% en 2024 \uf0b7 El reto es asegurar...<\/div>\r\n\t\t\t<\/div>\r\n        <\/div>\r\n\t<\/div>\r\n<\/article>\r\n<\/div><div class=\"tm-box-col-wrapper col-lg-4 col-sm-6 col-md-4 col-xs-12 foto-nota\"><article class=\"themetechmount-box themetechmount-box-blog themetechmount-box-topimage themetechmount-blogbox-format-image \">\r\n\t<div class=\"post-item\">\r\n\t\t<div class=\"themetechmount-box-content\">\t\r\n\r\n\t\t\t<div class=\"tm-featured-outer-wrapper tm-post-featured-outer-wrapper\">\r\n\t\t\t\t<div class=\"tm-box-postdate\">\r\n\t\t\t\t\t\t\t\t\t<span class=\"tm-meta-line posted-on\">\r\n\t\t\t\t<span class=\"screen-reader-text tm-hide\">Posted on <\/span>\t\t\r\n\t\t\t\t<time class=\"entry-date published\" datetime=\"2025-04-16T15:38:07-06:00\">16 abril 2025<\/time>\t\t\t\t\r\n\t\t\t\t<time class=\"updated tm-hide\" datetime=\"2025-05-02T15:41:55-06:00\">2 mayo 2025<\/time>\r\n\t\t\t<\/span>\r\n\t\t\t\t<\/div>\r\n\t\t\t\t<div class=\"tm-featured-wrapper tm-post-featured-wrapper tm-post-format-image\"><a href=\"https:\/\/utcorregidora.edu.mx\/resp-utc-2025\/2025\/04\/16\/utc-recibe-reconocimiento-por-la-comision-de-mejora-regulatoria\/\"><img loading=\"lazy\" decoding=\"async\" width=\"720\" height=\"544\" src=\"https:\/\/utcorregidora.edu.mx\/resp-utc-2025\/wp-content\/uploads\/2025\/05\/16_ABRIL_2025_UTC_RECIBE_RECONOCIMIENTO_DE_COMISION_DE_MEJORA_REGULATORIA-720x544.jpg\" class=\"attachment-themetechmount-img-blog-top size-themetechmount-img-blog-top wp-post-image\" alt=\"\" data-id=\"9967\" \/><\/a><\/div>\t\t\t\t\r\n\t\t\t<\/div>\t\t\r\n\t\t\t<div class=\"themetechmount-box-desc\">\r\n\t\t\t\t<div class=\"entry-header\">\r\n\t\t\t\t\t<div class=\"tm-entry-meta-wrapper\"><div class=\"entry-meta tm-entry-meta tm-entry-meta-blogbox\"><span class=\"tm-meta-line byline\"><i class=\"fa fa-user\"><\/i> <span class=\"author vcard\"><span class=\"screen-reader-text tm-hide\">Author <\/span><a class=\"url fn n\" href=\"https:\/\/utcorregidora.edu.mx\/resp-utc-2025\/author\/prensa\/\">Prensa UTC<\/a><\/span><\/span><span class=\"tm-meta-line cat-links\"><i class=\"fa fa-tag\"><\/i> <span class=\"screen-reader-text tm-hide\">Categories <\/span><a href=\"https:\/\/utcorregidora.edu.mx\/resp-utc-2025\/category\/foto-nota\/\" rel=\"category tag\">Foto Nota<\/a><\/span><\/div><\/div>\t\t\t\t\t<div class=\"themetechmount-box-title\"><h4><a href=\"https:\/\/utcorregidora.edu.mx\/resp-utc-2025\/2025\/04\/16\/utc-recibe-reconocimiento-por-la-comision-de-mejora-regulatoria\/\">UTC recibe reconocimiento por la Comisi\u00f3n de Mejora Regulatoria<\/a><\/h4><\/div>\t\t\t\t<\/div>\t\t\r\n\t\t\t   \t\t<div class=\"themetechmount-box-desc-text\">La Universidad Tecnol\u00f3gica de Corregidora (UTC) obtuvo el primer lugar durante la entrega de reconocimientos por parte...<\/div>\r\n\t\t\t<\/div>\r\n        <\/div>\r\n\t<\/div>\r\n<\/article>\r\n<\/div><div class=\"tm-box-col-wrapper col-lg-4 col-sm-6 col-md-4 col-xs-12 foto-nota\"><article class=\"themetechmount-box themetechmount-box-blog themetechmount-box-topimage themetechmount-blogbox-format-gallery \">\r\n\t<div class=\"post-item\">\r\n\t\t<div class=\"themetechmount-box-content\">\t\r\n\r\n\t\t\t<div class=\"tm-featured-outer-wrapper tm-post-featured-outer-wrapper\">\r\n\t\t\t\t<div class=\"tm-box-postdate\">\r\n\t\t\t\t\t\t\t\t\t<span class=\"tm-meta-line posted-on\">\r\n\t\t\t\t<span class=\"screen-reader-text tm-hide\">Posted on <\/span>\t\t\r\n\t\t\t\t<time class=\"entry-date published\" datetime=\"2025-04-09T15:41:01-06:00\">9 abril 2025<\/time>\t\t\t\t\r\n\t\t\t\t<time class=\"updated tm-hide\" datetime=\"2025-04-11T15:45:18-06:00\">11 abril 2025<\/time>\r\n\t\t\t<\/span>\r\n\t\t\t\t<\/div>\r\n\t\t\t\t<div class=\"tm-featured-wrapper tm-post-featured-wrapper tm-post-format-gallery\"><div class=\"tm-slick-carousel-wrapper\"><div class=\"tm-flexslider\"><ul class=\"slides\"><li><img loading=\"lazy\" decoding=\"async\" width=\"720\" height=\"544\" src=\"https:\/\/utcorregidora.edu.mx\/resp-utc-2025\/wp-content\/uploads\/2025\/04\/9_ABRIL_2025_SESIONA_COMITE_UTC_DE_BECAS_DE_MOVILIDAD1-720x544.jpg\" class=\"attachment-themetechmount-img-blog-top size-themetechmount-img-blog-top\" alt=\"\" data-id=\"9959\" \/><\/li><li><img loading=\"lazy\" decoding=\"async\" width=\"720\" height=\"544\" src=\"https:\/\/utcorregidora.edu.mx\/resp-utc-2025\/wp-content\/uploads\/2025\/04\/9_ABRIL_2025_SESIONA_COMITE_UTC_DE_BECAS_DE_MOVILIDAD2-720x544.jpg\" class=\"attachment-themetechmount-img-blog-top size-themetechmount-img-blog-top\" alt=\"\" data-id=\"9960\" \/><\/li><li><img loading=\"lazy\" decoding=\"async\" width=\"720\" height=\"544\" src=\"https:\/\/utcorregidora.edu.mx\/resp-utc-2025\/wp-content\/uploads\/2025\/04\/9_ABRIL_2025_SESIONA_COMITE_UTC_DE_BECAS_DE_MOVILIDAD3-720x544.jpg\" class=\"attachment-themetechmount-img-blog-top size-themetechmount-img-blog-top\" alt=\"\" data-id=\"9961\" \/><\/li><li><img loading=\"lazy\" decoding=\"async\" width=\"720\" height=\"544\" src=\"https:\/\/utcorregidora.edu.mx\/resp-utc-2025\/wp-content\/uploads\/2025\/04\/9_ABRIL_2025_SESIONA_COMITE_UTC_DE_BECAS_DE_MOVILIDAD4-720x544.jpg\" class=\"attachment-themetechmount-img-blog-top size-themetechmount-img-blog-top\" alt=\"\" data-id=\"9962\" \/><\/li><\/ul><\/div><\/div><\/div>\t\t\t\t\r\n\t\t\t<\/div>\t\t\r\n\t\t\t<div class=\"themetechmount-box-desc\">\r\n\t\t\t\t<div class=\"entry-header\">\r\n\t\t\t\t\t<div class=\"tm-entry-meta-wrapper\"><div class=\"entry-meta tm-entry-meta tm-entry-meta-blogbox\"><span class=\"tm-meta-line byline\"><i class=\"fa fa-user\"><\/i> <span class=\"author vcard\"><span class=\"screen-reader-text tm-hide\">Author <\/span><a class=\"url fn n\" href=\"https:\/\/utcorregidora.edu.mx\/resp-utc-2025\/author\/prensa\/\">Prensa UTC<\/a><\/span><\/span><span class=\"tm-meta-line cat-links\"><i class=\"fa fa-tag\"><\/i> <span class=\"screen-reader-text tm-hide\">Categories <\/span><a href=\"https:\/\/utcorregidora.edu.mx\/resp-utc-2025\/category\/foto-nota\/\" rel=\"category tag\">Foto Nota<\/a><\/span><\/div><\/div>\t\t\t\t\t<div class=\"themetechmount-box-title\"><h4><a href=\"https:\/\/utcorregidora.edu.mx\/resp-utc-2025\/2025\/04\/09\/sesiona-comite-de-becas-utc-para-seleccionar-alumnos-de-movildad-internacional\/\">Sesiona Comit\u00e9 de Becas UTC para seleccionar alumnos de movildad  internacional<\/a><\/h4><\/div>\t\t\t\t<\/div>\t\t\r\n\t\t\t   \t\t<div class=\"themetechmount-box-desc-text\">Alberto Lugo Ledesma, rector de la Universidad Tecnol\u00f3gica de Corregidora (UTC), encabez\u00f3 la primera sesi\u00f3n del Comi...<\/div>\r\n\t\t\t<\/div>\r\n        <\/div>\r\n\t<\/div>\r\n<\/article>\r\n<\/div><div class=\"tm-box-col-wrapper col-lg-4 col-sm-6 col-md-4 col-xs-12 boletin\"><article class=\"themetechmount-box themetechmount-box-blog themetechmount-box-topimage themetechmount-blogbox-format-gallery \">\r\n\t<div class=\"post-item\">\r\n\t\t<div class=\"themetechmount-box-content\">\t\r\n\r\n\t\t\t<div class=\"tm-featured-outer-wrapper tm-post-featured-outer-wrapper\">\r\n\t\t\t\t<div class=\"tm-box-postdate\">\r\n\t\t\t\t\t\t\t\t\t<span class=\"tm-meta-line posted-on\">\r\n\t\t\t\t<span class=\"screen-reader-text tm-hide\">Posted on <\/span>\t\t\r\n\t\t\t\t<time class=\"entry-date published\" datetime=\"2025-04-04T15:36:33-06:00\">4 abril 2025<\/time>\t\t\t\t\r\n\t\t\t\t<time class=\"updated tm-hide\" datetime=\"2025-04-11T15:40:30-06:00\">11 abril 2025<\/time>\r\n\t\t\t<\/span>\r\n\t\t\t\t<\/div>\r\n\t\t\t\t<div class=\"tm-featured-wrapper tm-post-featured-wrapper tm-post-format-gallery\"><div class=\"tm-slick-carousel-wrapper\"><div class=\"tm-flexslider\"><ul class=\"slides\"><li><img loading=\"lazy\" decoding=\"async\" width=\"720\" height=\"544\" src=\"https:\/\/utcorregidora.edu.mx\/resp-utc-2025\/wp-content\/uploads\/2025\/04\/04_ABRIL_2025_UTC_ESTUDIANTES_UTC_PRESENTAN-PROYECTOS_DE_TECNOLOGIA_INMERSIVA_CON_IMPACTO_SOCIAL1-720x544.jpg\" class=\"attachment-themetechmount-img-blog-top size-themetechmount-img-blog-top\" alt=\"\" data-id=\"9950\" \/><\/li><li><img loading=\"lazy\" decoding=\"async\" width=\"720\" height=\"544\" src=\"https:\/\/utcorregidora.edu.mx\/resp-utc-2025\/wp-content\/uploads\/2025\/04\/04_ABRIL_2025_UTC_ESTUDIANTES_UTC_PRESENTAN-PROYECTOS_DE_TECNOLOGIA_INMERSIVA_CON_IMPACTO_SOCIAL2-720x544.jpg\" class=\"attachment-themetechmount-img-blog-top size-themetechmount-img-blog-top\" alt=\"\" data-id=\"9951\" \/><\/li><li><img loading=\"lazy\" decoding=\"async\" width=\"720\" height=\"544\" src=\"https:\/\/utcorregidora.edu.mx\/resp-utc-2025\/wp-content\/uploads\/2025\/04\/04_ABRIL_2025_UTC_ESTUDIANTES_UTC_PRESENTAN-PROYECTOS_DE_TECNOLOGIA_INMERSIVA_CON_IMPACTO_SOCIAL3-720x544.jpg\" class=\"attachment-themetechmount-img-blog-top size-themetechmount-img-blog-top\" alt=\"\" data-id=\"9952\" \/><\/li><li><img loading=\"lazy\" decoding=\"async\" width=\"720\" height=\"544\" src=\"https:\/\/utcorregidora.edu.mx\/resp-utc-2025\/wp-content\/uploads\/2025\/04\/04_ABRIL_2025_UTC_ESTUDIANTES_UTC_PRESENTAN-PROYECTOS_DE_TECNOLOGIA_INMERSIVA_CON_IMPACTO_SOCIAL4-720x544.jpg\" class=\"attachment-themetechmount-img-blog-top size-themetechmount-img-blog-top\" alt=\"\" data-id=\"9953\" \/><\/li><li><img loading=\"lazy\" decoding=\"async\" width=\"720\" height=\"544\" src=\"https:\/\/utcorregidora.edu.mx\/resp-utc-2025\/wp-content\/uploads\/2025\/04\/04_ABRIL_2025_UTC_ESTUDIANTES_UTC_PRESENTAN-PROYECTOS_DE_TECNOLOGIA_INMERSIVA_CON_IMPACTO_SOCIAL5-720x544.jpg\" class=\"attachment-themetechmount-img-blog-top size-themetechmount-img-blog-top\" alt=\"\" data-id=\"9954\" \/><\/li><li><img loading=\"lazy\" decoding=\"async\" width=\"720\" height=\"544\" src=\"https:\/\/utcorregidora.edu.mx\/resp-utc-2025\/wp-content\/uploads\/2025\/04\/04_ABRIL_2025_UTC_ESTUDIANTES_UTC_PRESENTAN-PROYECTOS_DE_TECNOLOGIA_INMERSIVA_CON_IMPACTO_SOCIAL6-720x544.jpg\" class=\"attachment-themetechmount-img-blog-top size-themetechmount-img-blog-top\" alt=\"\" data-id=\"9955\" \/><\/li><li><img loading=\"lazy\" decoding=\"async\" width=\"720\" height=\"544\" src=\"https:\/\/utcorregidora.edu.mx\/resp-utc-2025\/wp-content\/uploads\/2025\/04\/04_ABRIL_2025_UTC_ESTUDIANTES_UTC_PRESENTAN-PROYECTOS_DE_TECNOLOGIA_INMERSIVA_CON_IMPACTO_SOCIAL7-720x544.jpg\" class=\"attachment-themetechmount-img-blog-top size-themetechmount-img-blog-top\" alt=\"\" data-id=\"9956\" \/><\/li><\/ul><\/div><\/div><\/div>\t\t\t\t\r\n\t\t\t<\/div>\t\t\r\n\t\t\t<div class=\"themetechmount-box-desc\">\r\n\t\t\t\t<div class=\"entry-header\">\r\n\t\t\t\t\t<div class=\"tm-entry-meta-wrapper\"><div class=\"entry-meta tm-entry-meta tm-entry-meta-blogbox\"><span class=\"tm-meta-line byline\"><i class=\"fa fa-user\"><\/i> <span class=\"author vcard\"><span class=\"screen-reader-text tm-hide\">Author <\/span><a class=\"url fn n\" href=\"https:\/\/utcorregidora.edu.mx\/resp-utc-2025\/author\/prensa\/\">Prensa UTC<\/a><\/span><\/span><span class=\"tm-meta-line cat-links\"><i class=\"fa fa-tag\"><\/i> <span class=\"screen-reader-text tm-hide\">Categories <\/span><a href=\"https:\/\/utcorregidora.edu.mx\/resp-utc-2025\/category\/boletin\/\" rel=\"category tag\">Bolet\u00edn<\/a><\/span><\/div><\/div>\t\t\t\t\t<div class=\"themetechmount-box-title\"><h4><a href=\"https:\/\/utcorregidora.edu.mx\/resp-utc-2025\/2025\/04\/04\/estudiantes-utc-presentan-proyectos-de-tecnologia-inmersiva-con-impacto-social\/\">Estudiantes UTC presentan proyectos de tecnolog\u00eda inmersiva con  impacto social<\/a><\/h4><\/div>\t\t\t\t<\/div>\t\t\r\n\t\t\t   \t\t<div class=\"themetechmount-box-desc-text\">\uf0b7 Se busca aplicar esta tecnolog\u00eda en entornos educativos, sociales y de salud emocional \uf0b7 Se fortalece el compro...<\/div>\r\n\t\t\t<\/div>\r\n        <\/div>\r\n\t<\/div>\r\n<\/article>\r\n<\/div><div class=\"tm-box-col-wrapper col-lg-4 col-sm-6 col-md-4 col-xs-12 foto-nota\"><article class=\"themetechmount-box themetechmount-box-blog themetechmount-box-topimage themetechmount-blogbox-format-gallery \">\r\n\t<div class=\"post-item\">\r\n\t\t<div class=\"themetechmount-box-content\">\t\r\n\r\n\t\t\t<div class=\"tm-featured-outer-wrapper tm-post-featured-outer-wrapper\">\r\n\t\t\t\t<div class=\"tm-box-postdate\">\r\n\t\t\t\t\t\t\t\t\t<span class=\"tm-meta-line posted-on\">\r\n\t\t\t\t<span class=\"screen-reader-text tm-hide\">Posted on <\/span>\t\t\r\n\t\t\t\t<time class=\"entry-date published\" datetime=\"2025-04-02T15:32:28-06:00\">2 abril 2025<\/time>\t\t\t\t\r\n\t\t\t\t<time class=\"updated tm-hide\" datetime=\"2025-04-11T15:36:06-06:00\">11 abril 2025<\/time>\r\n\t\t\t<\/span>\r\n\t\t\t\t<\/div>\r\n\t\t\t\t<div class=\"tm-featured-wrapper tm-post-featured-wrapper tm-post-format-gallery\"><div class=\"tm-slick-carousel-wrapper\"><div class=\"tm-flexslider\"><ul class=\"slides\"><li><img loading=\"lazy\" decoding=\"async\" width=\"720\" height=\"544\" src=\"https:\/\/utcorregidora.edu.mx\/resp-utc-2025\/wp-content\/uploads\/2025\/04\/2_ABR_2025_UTC_RECIBE_CONSTANCIA_DE_ACREDITACiON_DE_CARRERA_TURISMO1-720x544.jpg\" class=\"attachment-themetechmount-img-blog-top size-themetechmount-img-blog-top\" alt=\"\" data-id=\"9944\" \/><\/li><li><img loading=\"lazy\" decoding=\"async\" width=\"720\" height=\"544\" src=\"https:\/\/utcorregidora.edu.mx\/resp-utc-2025\/wp-content\/uploads\/2025\/04\/2_ABR_2025_UTC_RECIBE_CONSTANCIA_DE_ACREDITACiON_DE_CARRERA_TURISMO2-720x544.jpg\" class=\"attachment-themetechmount-img-blog-top size-themetechmount-img-blog-top\" alt=\"\" data-id=\"9945\" \/><\/li><li><img loading=\"lazy\" decoding=\"async\" width=\"720\" height=\"544\" src=\"https:\/\/utcorregidora.edu.mx\/resp-utc-2025\/wp-content\/uploads\/2025\/04\/2_ABR_2025_UTC_RECIBE_CONSTANCIA_DE_ACREDITACiON_DE_CARRERA_TURISMO3-720x544.jpg\" class=\"attachment-themetechmount-img-blog-top size-themetechmount-img-blog-top\" alt=\"\" data-id=\"9946\" \/><\/li><li><img loading=\"lazy\" decoding=\"async\" width=\"720\" height=\"544\" src=\"https:\/\/utcorregidora.edu.mx\/resp-utc-2025\/wp-content\/uploads\/2025\/04\/2_ABR_2025_UTC_RECIBE_CONSTANCIA_DE_ACREDITACiON_DE_CARRERA_TURISMO4-720x544.jpg\" class=\"attachment-themetechmount-img-blog-top size-themetechmount-img-blog-top\" alt=\"\" data-id=\"9947\" \/><\/li><\/ul><\/div><\/div><\/div>\t\t\t\t\r\n\t\t\t<\/div>\t\t\r\n\t\t\t<div class=\"themetechmount-box-desc\">\r\n\t\t\t\t<div class=\"entry-header\">\r\n\t\t\t\t\t<div class=\"tm-entry-meta-wrapper\"><div class=\"entry-meta tm-entry-meta tm-entry-meta-blogbox\"><span class=\"tm-meta-line byline\"><i class=\"fa fa-user\"><\/i> <span class=\"author vcard\"><span class=\"screen-reader-text tm-hide\">Author <\/span><a class=\"url fn n\" href=\"https:\/\/utcorregidora.edu.mx\/resp-utc-2025\/author\/prensa\/\">Prensa UTC<\/a><\/span><\/span><span class=\"tm-meta-line cat-links\"><i class=\"fa fa-tag\"><\/i> <span class=\"screen-reader-text tm-hide\">Categories <\/span><a href=\"https:\/\/utcorregidora.edu.mx\/resp-utc-2025\/category\/foto-nota\/\" rel=\"category tag\">Foto Nota<\/a><\/span><\/div><\/div>\t\t\t\t\t<div class=\"themetechmount-box-title\"><h4><a href=\"https:\/\/utcorregidora.edu.mx\/resp-utc-2025\/2025\/04\/02\/recibe-utc-constancia-de-certificacion-para-su-carrera-de-turismo\/\">Recibe UTC constancia de certificaci\u00f3n para su carrera de Turismo<\/a><\/h4><\/div>\t\t\t\t<\/div>\t\t\r\n\t\t\t   \t\t<div class=\"themetechmount-box-desc-text\">La Universidad Tecnol\u00f3gica de Corregidora (UTC) comprometida a ser una instituci\u00f3n de educaci\u00f3n superior con reconoc...<\/div>\r\n\t\t\t<\/div>\r\n        <\/div>\r\n\t<\/div>\r\n<\/article>\r\n<\/div>\n\t\t\t<\/div>\n\t\t<div class=\"clearfix\"><\/div><div class=\"themetechmount-pagination\"><span aria-current=\"page\" class=\"page-numbers current\">1<\/span>\n<a class=\"page-numbers\" href=\"https:\/\/utcorregidora.edu.mx\/resp-utc-2025\/wp-json\/wp\/v2\/pages\/2096\/page\/2\/\">2<\/a>\n<a class=\"page-numbers\" href=\"https:\/\/utcorregidora.edu.mx\/resp-utc-2025\/wp-json\/wp\/v2\/pages\/2096\/page\/3\/\">3<\/a>\n<span class=\"page-numbers dots\">&hellip;<\/span>\n<a class=\"page-numbers\" href=\"https:\/\/utcorregidora.edu.mx\/resp-utc-2025\/wp-json\/wp\/v2\/pages\/2096\/page\/43\/\">43<\/a>\n<a class=\"next page-numbers\" href=\"https:\/\/utcorregidora.edu.mx\/resp-utc-2025\/wp-json\/wp\/v2\/pages\/2096\/page\/2\/\"><span class=\"tm-hide tm-pagination-text tm-pagination-text-next\">Next page<\/span> <i class=\"tm-acadevo-icon-arrow-right\"><\/i><\/a><\/div><!-- .themetechmount-pagination --><\/div><!-- .themetechmount-boxes-inner -->   <\/div><!-- .themetechmount-boxes -->  [\/vc_column][\/vc_row]<\/p>\n","protected":false},"excerpt":{"rendered":"<p>[vc_row][vc_column][\/vc_column][\/vc_row]<\/p>\n","protected":false},"author":1,"featured_media":0,"parent":0,"menu_order":15,"comment_status":"closed","ping_status":"closed","template":"","meta":{"footnotes":""},"class_list":["post-2096","page","type-page","status-publish","hentry"],"_links":{"self":[{"href":"https:\/\/utcorregidora.edu.mx\/resp-utc-2025\/wp-json\/wp\/v2\/pages\/2096","targetHints":{"allow":["GET"]}}],"collection":[{"href":"https:\/\/utcorregidora.edu.mx\/resp-utc-2025\/wp-json\/wp\/v2\/pages"}],"about":[{"href":"https:\/\/utcorregidora.edu.mx\/resp-utc-2025\/wp-json\/wp\/v2\/types\/page"}],"author":[{"embeddable":true,"href":"https:\/\/utcorregidora.edu.mx\/resp-utc-2025\/wp-json\/wp\/v2\/users\/1"}],"replies":[{"embeddable":true,"href":"https:\/\/utcorregidora.edu.mx\/resp-utc-2025\/wp-json\/wp\/v2\/comments?post=2096"}],"version-history":[{"count":1,"href":"https:\/\/utcorregidora.edu.mx\/resp-utc-2025\/wp-json\/wp\/v2\/pages\/2096\/revisions"}],"predecessor-version":[{"id":4057,"href":"https:\/\/utcorregidora.edu.mx\/resp-utc-2025\/wp-json\/wp\/v2\/pages\/2096\/revisions\/4057"}],"wp:attachment":[{"href":"https:\/\/utcorregidora.edu.mx\/resp-utc-2025\/wp-json\/wp\/v2\/media?parent=2096"}],"curies":[{"name":"wp","href":"https:\/\/api.w.org\/{rel}","templated":true}]}}